{"id":18562,"date":"2021-10-12T16:27:24","date_gmt":"2021-10-12T16:27:24","guid":{"rendered":"https:\/\/cqab.eu\/contact\/"},"modified":"2024-06-24T09:55:20","modified_gmt":"2024-06-24T09:55:20","slug":"contact","status":"publish","type":"page","link":"https:\/\/cqab.eu\/en\/contact\/","title":{"rendered":"Contact"},"content":{"rendered":"<p><iframe onload=\"iFrameHeight(this)\" id=\"blockrandom-150\" name=\"\" src=\"https:\/\/www.google.com\/maps\/embed?pb=!1m18!1m12!1m3!1d4876.9949280044875!2d-3.346325342190686!3d40.50800704219905!2m3!1f0!2f0!3f0!3m2!1i1024!2i768!4f13.1!3m3!1m2!1s0xd424eaacb29c505%3A0x8763531735ed314d!2sCentro%20de%20Qu%C3%ADmica%20Aplicada%20y%20Biotecnolog%C3%ADa%20-%20UAH!5e0!3m2!1ses!2ses!4v1625146724489!5m2!1ses!2ses\" width=\"100%\" height=\"450\" scrolling=\"auto\" frameborder=\"0\" title=\"Mapa\"><br \/>\n Sin marcos<\/iframe>\n\t\t\t\t\t\t<link rel=\"stylesheet\" id=\"wd-section-title-css\" href=\"https:\/\/linkme.es\/wp-content\/themes\/woodmart\/css\/parts\/el-section-title.min.css?ver=7.4.2\" type=\"text\/css\" media=\"all\">\n CQAB <\/p>\n<h4>DIRECTORIO DE CONTACTOS<\/h4>\n<link rel=\"stylesheet\" id=\"wd-accordion-css\" href=\"https:\/\/linkme.es\/wp-content\/themes\/woodmart\/css\/parts\/el-accordion.min.css?ver=7.4.2\" type=\"text\/css\" media=\"all\">\n Campus Universitario <\/p>\n<p style=\"font-weight: 400; padding-left: 40px;\">Ctra. N-II, km 33,600<\/p>\n<p style=\"font-weight: 400; padding-left: 40px;\">28.871-Alcal\u00e1 de Henares<\/p>\n<p style=\"font-weight: 400; padding-left: 40px;\">Tel.: (+34) 91 885 50 68<\/p>\n<p> Director Cientifico <\/p>\n<p style=\"font-weight: 400;\"><em><strong>Manuel \u00e1ngel Fern\u00e1ndez Rodr\u00edguez<\/strong><\/em><\/p>\n<p style=\"font-weight: 400; padding-left: 40px;\">Tel.: (+34) 91 885 2517<\/p>\n<p style=\"font-weight: 400; padding-left: 40px;\"><a href=\"mailto:mangel.fernandezr@uah.es\">juanjose.vaquero@uah.es<\/a><\/p>\n<p> Director T\u00e9cnico <\/p>\n<p style=\"font-weight: 400;\"><strong><em>Jos\u00e9 Luis Novella<\/em><\/strong><\/p>\n<p style=\"font-weight: 400; padding-left: 40px;\">Tel.: (+34) 91 885 50 68<\/p>\n<p style=\"font-weight: 400; padding-left: 40px;\"><a href=\"mailto:jl.novella@uah.es\">jl.novella@uah.es<\/a> <\/p>\n<p> Administraci\u00f3n <\/p>\n<p style=\"font-weight: 400;\"><strong><em>Sara Fern\u00e1ndez<\/em><\/strong><\/p>\n<p style=\"font-weight: 400; padding-left: 40px;\">Tel.: (+34) 91 885 50 68<\/p>\n<p style=\"font-weight: 400; padding-left: 40px;\"><a href=\"mailto:sara.fernandez@uah.es\">sara.fernandez@uah.es<\/a><\/p>\n<p> CQAB <\/p>\n<h4>CONSULTAS<\/h4>\n<p role=\"status\" aria-live=\"polite\" aria-atomic=\"true\">\n<ul><\/ul>\n<form action=\"\/wp-admin\/admin-ajax.php#wpcf7-f1572-o1\" method=\"post\" aria-label=\"Contact form\" novalidate=\"novalidate\" data-status=\"init\">\n<input type=\"hidden\" name=\"_wpcf7\" value=\"1572\"><br \/>\n<input type=\"hidden\" name=\"_wpcf7_version\" value=\"5.8.6\"><br \/>\n<input type=\"hidden\" name=\"_wpcf7_locale\" value=\"en_US\"><br \/>\n<input type=\"hidden\" name=\"_wpcf7_unit_tag\" value=\"wpcf7-f1572-o1\"><br \/>\n<input type=\"hidden\" name=\"_wpcf7_container_post\" value=\"0\"><br \/>\n<input type=\"hidden\" name=\"_wpcf7_posted_data_hash\" value=\"\"><\/p>\n<p><label>Nombre y Apellido<\/label><input size=\"40\" aria-required=\"true\" aria-invalid=\"false\" value=\"\" type=\"text\" name=\"your-name\">\n\t<\/p>\n<p><label>Email<\/label><input size=\"40\" aria-required=\"true\" aria-invalid=\"false\" value=\"\" type=\"email\" name=\"your-email\">\n\t<\/p>\n<p><label>Tel\u00e9fono<\/label><input size=\"40\" aria-invalid=\"false\" value=\"\" type=\"tel\" name=\"tel-767\">\n\t<\/p>\n<p><label>Asunto<\/label><input size=\"40\" aria-invalid=\"false\" value=\"\" type=\"text\" name=\"text-1\">\n\t<\/p>\n<p><label>Consulta<\/label><textarea cols=\"40\" rows=\"10\" aria-invalid=\"false\" name=\"your-message\"><\/textarea>\n<\/p>\n<p><input type=\"submit\" value=\"ENVIAR CONSULTA\">\n<\/p>\n<\/form>\n","protected":false},"excerpt":{"rendered":"<p>Sin marcos CQAB DIRECTORIO DE CONTACTOS Campus Universitario Ctra. N-II, km 33,600 28.871-Alcal\u00e1 de Henares Tel.: (+34) 91 885 50<\/p>\n","protected":false},"author":1,"featured_media":0,"parent":0,"menu_order":0,"comment_status":"closed","ping_status":"closed","template":"","meta":{"footnotes":""},"class_list":["post-18562","page","type-page","status-publish","hentry"],"_links":{"self":[{"href":"https:\/\/cqab.eu\/en\/wp-json\/wp\/v2\/pages\/18562","targetHints":{"allow":["GET"]}}],"collection":[{"href":"https:\/\/cqab.eu\/en\/wp-json\/wp\/v2\/pages"}],"about":[{"href":"https:\/\/cqab.eu\/en\/wp-json\/wp\/v2\/types\/page"}],"author":[{"embeddable":true,"href":"https:\/\/cqab.eu\/en\/wp-json\/wp\/v2\/users\/1"}],"replies":[{"embeddable":true,"href":"https:\/\/cqab.eu\/en\/wp-json\/wp\/v2\/comments?post=18562"}],"version-history":[{"count":14,"href":"https:\/\/cqab.eu\/en\/wp-json\/wp\/v2\/pages\/18562\/revisions"}],"predecessor-version":[{"id":18765,"href":"https:\/\/cqab.eu\/en\/wp-json\/wp\/v2\/pages\/18562\/revisions\/18765"}],"wp:attachment":[{"href":"https:\/\/cqab.eu\/en\/wp-json\/wp\/v2\/media?parent=18562"}],"curies":[{"name":"wp","href":"https:\/\/api.w.org\/{rel}","templated":true}]}}