{"id":18515,"date":"2024-02-09T08:22:35","date_gmt":"2024-02-09T08:22:35","guid":{"rendered":"https:\/\/cqab.eu\/archived-publications\/"},"modified":"2024-05-21T19:29:35","modified_gmt":"2024-05-21T19:29:35","slug":"archived-publications","status":"publish","type":"page","link":"https:\/\/cqab.eu\/en\/archived-publications\/","title":{"rendered":"Archived Publications"},"content":{"rendered":"\t\t<div data-elementor-type=\"wp-page\" data-elementor-id=\"18515\" class=\"elementor elementor-18515\">\n\t\t\t\t<div class=\"wd-negative-gap elementor-element elementor-element-d7a2b9b e-flex e-con-boxed e-con e-parent\" data-id=\"d7a2b9b\" data-element_type=\"container\">\n\t\t\t\t\t<div class=\"e-con-inner\">\n\t\t\t\t<div class=\"elementor-element elementor-element-615cb46 wd-width-100 elementor-widget elementor-widget-wd_blog\" data-id=\"615cb46\" data-element_type=\"widget\" data-widget_type=\"wd_blog.default\">\n\t\t\t\t<div class=\"elementor-widget-container\">\n\t\t\t\t\t\t\t\t\t\t<div class=\"wd-blog-element\">\n\t\t\t\t\t<div class=\"wd-posts wd-blog-holder wd-grid-g\" id=\"69f196fca8f14\" data-paged=\"1\" data-atts=\"{&quot;post_type&quot;:&quot;post&quot;,&quot;items_per_page&quot;:12,&quot;include&quot;:null,&quot;taxonomies&quot;:[&quot;92&quot;],&quot;offset&quot;:&quot;&quot;,&quot;orderby&quot;:&quot;&quot;,&quot;order&quot;:&quot;ASC&quot;,&quot;meta_key&quot;:null,&quot;exclude&quot;:&quot;&quot;,&quot;parts_media&quot;:true,&quot;parts_title&quot;:&quot;1&quot;,&quot;parts_meta&quot;:&quot;&quot;,&quot;parts_text&quot;:&quot;1&quot;,&quot;parts_btn&quot;:&quot;1&quot;,&quot;img_size&quot;:&quot;large&quot;,&quot;blog_design&quot;:&quot;list&quot;,&quot;blog_carousel_design&quot;:null,&quot;blog_columns&quot;:null,&quot;blog_columns_tablet&quot;:{&quot;size&quot;:&quot;&quot;},&quot;blog_columns_mobile&quot;:{&quot;size&quot;:&quot;&quot;},&quot;blog_spacing&quot;:null,&quot;blog_spacing_tablet&quot;:&quot;&quot;,&quot;blog_spacing_mobile&quot;:&quot;&quot;,&quot;pagination&quot;:&quot;&quot;,&quot;speed&quot;:null,&quot;slides_per_view&quot;:null,&quot;slides_per_view_tablet&quot;:{&quot;size&quot;:&quot;&quot;},&quot;slides_per_view_mobile&quot;:{&quot;size&quot;:&quot;&quot;},&quot;wrap&quot;:null,&quot;autoplay&quot;:null,&quot;hide_pagination_control&quot;:null,&quot;hide_prev_next_buttons&quot;:null,&quot;scroll_per_page&quot;:null,&quot;lazy_loading&quot;:&quot;no&quot;,&quot;scroll_carousel_init&quot;:null,&quot;ajax_page&quot;:&quot;&quot;,&quot;custom_sizes&quot;:false,&quot;elementor&quot;:true}\" data-source=\"shortcode\">\n\t\t\t\n\t\t\t\t\t\t\t\t\t\t\t\t\t\t\t\t\t\t\t\n<article id=\"post-18538\" class=\"wd-post blog-design-list blog-post-loop blog-style-bg wd-add-shadow post-18538 post type-post status-publish format-standard hentry category-last-news\">\n\t<div class=\"wd-post-inner\">\n\t\t<div class=\"wd-post-thumb\">\n\t\t\t\t\t\t\t<div class=\"wd-post-img\">\n\t\t\t\t\t\t\t\t\t<\/div>\n\t\t\t\t\t\t\t\t\t<div class=\"post-date wd-post-date wd-style-with-bg\">\n\t\t\t\t<span class=\"post-date-day\">\n\t\t\t\t\t09\t\t\t\t<\/span>\n\t\t\t\t<span class=\"post-date-month\">\n\t\t\t\t\tFeb\t\t\t\t<\/span>\n\t\t\t<\/div>\n\t\t\t\t\t\t\t\t<a class=\"wd-post-link wd-fill\" href=\"https:\/\/cqab.eu\/en\/la-plitidepsina-nueva-alternativa-en-estudio-para-tratar-el-sars-cov-2\/\" rel=\"bookmark\" aria-label=\"Link on post La Plitidepsina, nueva alternativa en estudio para tratar el SARS-CoV-2\"><\/a>\n\t\t\t\t\t<\/div>\n\n\t\t<div class=\"wd-post-content\">\n\t\t\t<div class=\"wd-post-content-inner wd-scroll\">\n\t\t\t\t\t\t\t\t\t\t\t\t\t<h3 class=\"wd-entities-title title post-title\">\n\t\t\t\t\t\t<a href=\"https:\/\/cqab.eu\/en\/la-plitidepsina-nueva-alternativa-en-estudio-para-tratar-el-sars-cov-2\/\" rel=\"bookmark\">\n\t\t\t\t\t\t\tLa Plitidepsina, nueva alternativa en estudio para tratar el SARS-CoV-2\t\t\t\t\t\t<\/a>\n\t\t\t\t\t<\/h3>\n\t\t\t\t\t\t\t\t\t\t\t\t\t<div class=\"wd-entry-content wd-scroll-content\">\n\t\t\t\t\t\t\t\t\t\t\t\t\tLa Plitidepsina, nueva alternativa en estudio para tratar el SARS-CoV-2La Universidad de Alcal\u00e1 y la Fundaci\u00f3n General de la Universida...\t\t\t\t\t\t\t\t\t\t\t\t\t\t\t\t\t\t<\/div>\n\t\t\t\t\t\t\t<\/div>\n\t\t\t\t\t\t\t\t\t\t\t\t<div class=\"wd-read-more\">\n\t\t\t\t\t\t<a class=\"btn-read-more more-link\" href=\"https:\/\/cqab.eu\/en\/la-plitidepsina-nueva-alternativa-en-estudio-para-tratar-el-sars-cov-2\/\">Continue reading<\/a>\t\t\t\t\t<\/div>\n\t\t\t\t\t\t\t\t\t<\/div>\n\t<\/div>\n<\/article>\n\t\t\t\t\t\t\t\t\t\t\t\t\t\t\t\t\t\t\t\n<article id=\"post-18537\" class=\"wd-post blog-design-list blog-post-loop blog-style-bg wd-add-shadow post-18537 post type-post status-publish format-standard hentry category-last-news\">\n\t<div class=\"wd-post-inner\">\n\t\t<div class=\"wd-post-thumb\">\n\t\t\t\t\t\t\t<div class=\"wd-post-img\">\n\t\t\t\t\t\t\t\t\t<\/div>\n\t\t\t\t\t\t\t\t\t<div class=\"post-date wd-post-date wd-style-with-bg\">\n\t\t\t\t<span class=\"post-date-day\">\n\t\t\t\t\t09\t\t\t\t<\/span>\n\t\t\t\t<span class=\"post-date-month\">\n\t\t\t\t\tFeb\t\t\t\t<\/span>\n\t\t\t<\/div>\n\t\t\t\t\t\t\t\t<a class=\"wd-post-link wd-fill\" href=\"https:\/\/cqab.eu\/en\/la-uah-lidera-un-proyecto-pionero-para-convertir-biomasa-en-bioproductos-de-ultima-generacion\/\" rel=\"bookmark\" aria-label=\"Link on post La UAH lidera un proyecto pionero para convertir biomasa en bioproductos de \u00faltima generaci\u00f3n\"><\/a>\n\t\t\t\t\t<\/div>\n\n\t\t<div class=\"wd-post-content\">\n\t\t\t<div class=\"wd-post-content-inner wd-scroll\">\n\t\t\t\t\t\t\t\t\t\t\t\t\t<h3 class=\"wd-entities-title title post-title\">\n\t\t\t\t\t\t<a href=\"https:\/\/cqab.eu\/en\/la-uah-lidera-un-proyecto-pionero-para-convertir-biomasa-en-bioproductos-de-ultima-generacion\/\" rel=\"bookmark\">\n\t\t\t\t\t\t\tLa UAH lidera un proyecto pionero para convertir biomasa en bioproductos de \u00faltima generaci\u00f3n\t\t\t\t\t\t<\/a>\n\t\t\t\t\t<\/h3>\n\t\t\t\t\t\t\t\t\t\t\t\t\t<div class=\"wd-entry-content wd-scroll-content\">\n\t\t\t\t\t\t\t\t\t\t\t\t\tVer Nota de Prensa\t\t\t\t\t\t\t\t\t\t\t\t\t\t\t\t\t\t<\/div>\n\t\t\t\t\t\t\t<\/div>\n\t\t\t\t\t\t\t\t\t\t\t\t<div class=\"wd-read-more\">\n\t\t\t\t\t\t<a class=\"btn-read-more more-link\" href=\"https:\/\/cqab.eu\/en\/la-uah-lidera-un-proyecto-pionero-para-convertir-biomasa-en-bioproductos-de-ultima-generacion\/\">Continue reading<\/a>\t\t\t\t\t<\/div>\n\t\t\t\t\t\t\t\t\t<\/div>\n\t<\/div>\n<\/article>\n\t\t\t\t\t\t\t\t\t\t\t\t\t\t\t\t\t\t\t\n<article id=\"post-18536\" class=\"wd-post blog-design-list blog-post-loop blog-style-bg wd-add-shadow post-18536 post type-post status-publish format-standard hentry category-last-news\">\n\t<div class=\"wd-post-inner\">\n\t\t<div class=\"wd-post-thumb\">\n\t\t\t\t\t\t\t<div class=\"wd-post-img\">\n\t\t\t\t\t\t\t\t\t<\/div>\n\t\t\t\t\t\t\t\t\t<div class=\"post-date wd-post-date wd-style-with-bg\">\n\t\t\t\t<span class=\"post-date-day\">\n\t\t\t\t\t09\t\t\t\t<\/span>\n\t\t\t\t<span class=\"post-date-month\">\n\t\t\t\t\tFeb\t\t\t\t<\/span>\n\t\t\t<\/div>\n\t\t\t\t\t\t\t\t<a class=\"wd-post-link wd-fill\" href=\"https:\/\/cqab.eu\/en\/boletin-de-observacion-tecnologica-en-defensa\/\" rel=\"bookmark\" aria-label=\"Link on post Bolet\u00edn de Observaci\u00f3n Tecnol\u00f3gica en Defensa\"><\/a>\n\t\t\t\t\t<\/div>\n\n\t\t<div class=\"wd-post-content\">\n\t\t\t<div class=\"wd-post-content-inner wd-scroll\">\n\t\t\t\t\t\t\t\t\t\t\t\t\t<h3 class=\"wd-entities-title title post-title\">\n\t\t\t\t\t\t<a href=\"https:\/\/cqab.eu\/en\/boletin-de-observacion-tecnologica-en-defensa\/\" rel=\"bookmark\">\n\t\t\t\t\t\t\tBolet\u00edn de Observaci\u00f3n Tecnol\u00f3gica en Defensa\t\t\t\t\t\t<\/a>\n\t\t\t\t\t<\/h3>\n\t\t\t\t\t\t\t\t\t\t\t\t\t<div class=\"wd-entry-content wd-scroll-content\">\n\t\t\t\t\t\t\t\t\t\t\t\t\tVer Nota de Prensa\t\t\t\t\t\t\t\t\t\t\t\t\t\t\t\t\t\t<\/div>\n\t\t\t\t\t\t\t<\/div>\n\t\t\t\t\t\t\t\t\t\t\t\t<div class=\"wd-read-more\">\n\t\t\t\t\t\t<a class=\"btn-read-more more-link\" href=\"https:\/\/cqab.eu\/en\/boletin-de-observacion-tecnologica-en-defensa\/\">Continue reading<\/a>\t\t\t\t\t<\/div>\n\t\t\t\t\t\t\t\t\t<\/div>\n\t<\/div>\n<\/article>\n\t\t\t\t\t\t\t\t\t\t\t\t\t\t\t\t\t\t\t\n<article id=\"post-18535\" class=\"wd-post blog-design-list blog-post-loop blog-style-bg wd-add-shadow post-18535 post type-post status-publish format-standard hentry category-last-news\">\n\t<div class=\"wd-post-inner\">\n\t\t<div class=\"wd-post-thumb\">\n\t\t\t\t\t\t\t<div class=\"wd-post-img\">\n\t\t\t\t\t\t\t\t\t<\/div>\n\t\t\t\t\t\t\t\t\t<div class=\"post-date wd-post-date wd-style-with-bg\">\n\t\t\t\t<span class=\"post-date-day\">\n\t\t\t\t\t09\t\t\t\t<\/span>\n\t\t\t\t<span class=\"post-date-month\">\n\t\t\t\t\tFeb\t\t\t\t<\/span>\n\t\t\t<\/div>\n\t\t\t\t\t\t\t\t<a class=\"wd-post-link wd-fill\" href=\"https:\/\/cqab.eu\/en\/sintesis-de-nitrosaminas-de-farmacos\/\" rel=\"bookmark\" aria-label=\"Link on post S\u00edntesis de nitrosaminas de f\u00e1rmacos\"><\/a>\n\t\t\t\t\t<\/div>\n\n\t\t<div class=\"wd-post-content\">\n\t\t\t<div class=\"wd-post-content-inner wd-scroll\">\n\t\t\t\t\t\t\t\t\t\t\t\t\t<h3 class=\"wd-entities-title title post-title\">\n\t\t\t\t\t\t<a href=\"https:\/\/cqab.eu\/en\/sintesis-de-nitrosaminas-de-farmacos\/\" rel=\"bookmark\">\n\t\t\t\t\t\t\tS\u00edntesis de nitrosaminas de f\u00e1rmacos\t\t\t\t\t\t<\/a>\n\t\t\t\t\t<\/h3>\n\t\t\t\t\t\t\t\t\t\t\t\t\t<div class=\"wd-entry-content wd-scroll-content\">\n\t\t\t\t\t\t\t\t\t\t\t\t\tInforme sobre Nitrosaminas - Febrero 2023\nAlcal\u00e1 de Henares, 28 de Febrero de 2023\n\nDesde que surgi\u00f3 la denominada \u201cCrisis de las Nitro...\t\t\t\t\t\t\t\t\t\t\t\t\t\t\t\t\t\t<\/div>\n\t\t\t\t\t\t\t<\/div>\n\t\t\t\t\t\t\t\t\t\t\t\t<div class=\"wd-read-more\">\n\t\t\t\t\t\t<a class=\"btn-read-more more-link\" href=\"https:\/\/cqab.eu\/en\/sintesis-de-nitrosaminas-de-farmacos\/\">Continue reading<\/a>\t\t\t\t\t<\/div>\n\t\t\t\t\t\t\t\t\t<\/div>\n\t<\/div>\n<\/article>\n\t\t\t\t\t\t\t\t\t\t\t\t\t\t\t\t\t\t\t\n<article id=\"post-18517\" class=\"wd-post blog-design-list blog-post-loop blog-style-bg wd-add-shadow post-18517 post type-post status-publish format-standard hentry category-last-news\">\n\t<div class=\"wd-post-inner\">\n\t\t<div class=\"wd-post-thumb\">\n\t\t\t\t\t\t\t<div class=\"wd-post-img\">\n\t\t\t\t\t\t\t\t\t<\/div>\n\t\t\t\t\t\t\t\t\t<div class=\"post-date wd-post-date wd-style-with-bg\">\n\t\t\t\t<span class=\"post-date-day\">\n\t\t\t\t\t13\t\t\t\t<\/span>\n\t\t\t\t<span class=\"post-date-month\">\n\t\t\t\t\tFeb\t\t\t\t<\/span>\n\t\t\t<\/div>\n\t\t\t\t\t\t\t\t<a class=\"wd-post-link wd-fill\" href=\"https:\/\/cqab.eu\/en\/synthesis-and-analysis-of-nitrosamines\/\" rel=\"bookmark\" aria-label=\"Link on post Synthesis and analysis of nitrosamines\"><\/a>\n\t\t\t\t\t<\/div>\n\n\t\t<div class=\"wd-post-content\">\n\t\t\t<div class=\"wd-post-content-inner wd-scroll\">\n\t\t\t\t\t\t\t\t\t\t\t\t\t<h3 class=\"wd-entities-title title post-title\">\n\t\t\t\t\t\t<a href=\"https:\/\/cqab.eu\/en\/synthesis-and-analysis-of-nitrosamines\/\" rel=\"bookmark\">\n\t\t\t\t\t\t\tSynthesis and analysis of nitrosamines\t\t\t\t\t\t<\/a>\n\t\t\t\t\t<\/h3>\n\t\t\t\t\t\t\t\t\t\t\t\t\t<div class=\"wd-entry-content wd-scroll-content\">\n\t\t\t\t\t\t\t\t\t\t\t\t\tSince the so-called \"Nitrosamines (N-NAs) Crisis\" emerged in June 2018, the European\nMedicines Agency (EMA), and the Food and Drug Admi...\t\t\t\t\t\t\t\t\t\t\t\t\t\t\t\t\t\t<\/div>\n\t\t\t\t\t\t\t<\/div>\n\t\t\t\t\t\t\t\t\t\t\t\t<div class=\"wd-read-more\">\n\t\t\t\t\t\t<a class=\"btn-read-more more-link\" href=\"https:\/\/cqab.eu\/en\/synthesis-and-analysis-of-nitrosamines\/\">Continue reading<\/a>\t\t\t\t\t<\/div>\n\t\t\t\t\t\t\t\t\t<\/div>\n\t<\/div>\n<\/article>\n\t\t\t\t\n\t\t\t\t\t\t\t\t<\/div>\n\t\t\t\n\t\t\t\t\t\t\t\t\t\t<\/div>\n\t\t\t\t\t\t\t\t<\/div>\n\t\t\t\t<\/div>\n\t\t\t\t\t<\/div>\n\t\t\t\t<\/div>\n\t\t\t\t<\/div>\n\t\t","protected":false},"excerpt":{"rendered":"<p>09 Feb La Plitidepsina, nueva alternativa en estudio para tratar el SARS-CoV-2 La Plitidepsina, nueva alternativa en estudio para tratar<\/p>\n","protected":false},"author":1,"featured_media":0,"parent":0,"menu_order":0,"comment_status":"closed","ping_status":"closed","template":"","meta":{"footnotes":""},"class_list":["post-18515","page","type-page","status-publish","hentry"],"_links":{"self":[{"href":"https:\/\/cqab.eu\/en\/wp-json\/wp\/v2\/pages\/18515","targetHints":{"allow":["GET"]}}],"collection":[{"href":"https:\/\/cqab.eu\/en\/wp-json\/wp\/v2\/pages"}],"about":[{"href":"https:\/\/cqab.eu\/en\/wp-json\/wp\/v2\/types\/page"}],"author":[{"embeddable":true,"href":"https:\/\/cqab.eu\/en\/wp-json\/wp\/v2\/users\/1"}],"replies":[{"embeddable":true,"href":"https:\/\/cqab.eu\/en\/wp-json\/wp\/v2\/comments?post=18515"}],"version-history":[{"count":7,"href":"https:\/\/cqab.eu\/en\/wp-json\/wp\/v2\/pages\/18515\/revisions"}],"predecessor-version":[{"id":18558,"href":"https:\/\/cqab.eu\/en\/wp-json\/wp\/v2\/pages\/18515\/revisions\/18558"}],"wp:attachment":[{"href":"https:\/\/cqab.eu\/en\/wp-json\/wp\/v2\/media?parent=18515"}],"curies":[{"name":"wp","href":"https:\/\/api.w.org\/{rel}","templated":true}]}}