{"id":18510,"date":"2024-02-08T22:52:37","date_gmt":"2024-02-08T22:52:37","guid":{"rendered":"https:\/\/cqab.eu\/other-publications\/"},"modified":"2024-06-24T09:36:52","modified_gmt":"2024-06-24T09:36:52","slug":"other-publications","status":"publish","type":"page","link":"https:\/\/cqab.eu\/en\/other-publications\/","title":{"rendered":"Other publications"},"content":{"rendered":"\t\t<div data-elementor-type=\"wp-page\" data-elementor-id=\"18510\" class=\"elementor elementor-18510\">\n\t\t\t\t<div class=\"wd-negative-gap elementor-element elementor-element-8800b43 e-flex e-con-boxed e-con e-parent\" data-id=\"8800b43\" data-element_type=\"container\">\n\t\t\t\t\t<div class=\"e-con-inner\">\n\t\t\t\t<div class=\"elementor-element elementor-element-40356a6 elementor-widget elementor-widget-wd_text_block\" data-id=\"40356a6\" data-element_type=\"widget\" data-widget_type=\"wd_text_block.default\">\n\t\t\t\t<div class=\"elementor-widget-container\">\n\t\t\t\t\t<div class=\"wd-text-block reset-last-child text-left\">\n\t\t\t\n\t\t\t<h1 class=\"entry-title title\">Other publications<\/h1>\n\t\t\t\t\t<\/div>\n\t\t\t\t<\/div>\n\t\t\t\t<\/div>\n\t\t\t\t<div class=\"elementor-element elementor-element-6b672ca elementor-widget elementor-widget-wd_text_block\" data-id=\"6b672ca\" data-element_type=\"widget\" data-widget_type=\"wd_text_block.default\">\n\t\t\t\t<div class=\"elementor-widget-container\">\n\t\t\t\t\t<div class=\"wd-text-block reset-last-child text-left color-scheme-dark\">\n\t\t\t\n\t\t\t<ul><li><strong>STUDY OF ADDITIVES THAT ALLOW TO REDUCE THE VISCOSITY OF THE BINDER AT HIGH TEMPERATURES<\/strong>.\u00a0<em>Santiago Gil Redondo, Jos\u00e9 Ignacio Amor, Jes\u00fas Felipo, Andr\u00e9s Costa, Christian Cort\u00e9s, Servi\u00e0 Cant\u00f3, Antonio P\u00e1ez, Fernando Valor, Juan Jos\u00e9 Potti. <\/em><em>Asfalto y pavimento. Vol. 1,3T, 19-30, <\/em><\/li><\/ul><p style=\"font-weight: 400;\">\u00a0<\/p><ul><li><strong>MICROBIOLOGICAL QUALITY OF SAFFRON: PROPOSAL FOR A NEW REGULATION<\/strong>. <em>Inmaculada Cosano, Concepci\u00f3n Pintado, Olga Acevedo, Jose Luis Novella, Gonzalo Luis Alonso, Manuel Carmona, Carmen de la Rosa, Rafael Rotger. <\/em><em>Tecnolog\u00eda e higiene de los alimentos. 407, 81-84, <strong>2009<\/strong>.<\/em><\/li><\/ul><p style=\"font-weight: 400;\">\u00a0<\/p><ul><li><strong>AZPINDECs PROJECT: INSOLUBLE PRUSSIAN BLUE AS A DECORPORANT AGENT FOR 137Cs AND OTHER RADIOACTIVE AND\/OR TOXIC SPECIE<\/strong>S. <em>M\u00aa.Isabel Fern\u00e1ndez Bachiller, Jos\u00e9 Luis Novella Robisco, Norma Sofia Torres Pab\u00f3n, Guillermo Torrado Dur\u00e1n, Manuel \u00c1ngel Fern\u00e1ndez Rodr\u00edguez, Juan Carlos Flores Serrano, Antonio Juberias S\u00e1nchez. <\/em>Bolet\u00edn de Observaci\u00f3n Tecnol\u00f3gica en Defensa, n\u00ba 69, 21-27,<\/li><\/ul>\n\t\t\t\t\t<\/div>\n\t\t\t\t<\/div>\n\t\t\t\t<\/div>\n\t\t\t\t\t<\/div>\n\t\t\t\t<\/div>\n\t\t\t\t<\/div>\n\t\t","protected":false},"excerpt":{"rendered":"<p>Other publications STUDY OF ADDITIVES THAT ALLOW TO REDUCE THE VISCOSITY OF THE BINDER AT HIGH TEMPERATURES.\u00a0Santiago Gil Redondo, Jos\u00e9<\/p>\n","protected":false},"author":1,"featured_media":0,"parent":0,"menu_order":0,"comment_status":"closed","ping_status":"closed","template":"","meta":{"footnotes":""},"class_list":["post-18510","page","type-page","status-publish","hentry"],"_links":{"self":[{"href":"https:\/\/cqab.eu\/en\/wp-json\/wp\/v2\/pages\/18510","targetHints":{"allow":["GET"]}}],"collection":[{"href":"https:\/\/cqab.eu\/en\/wp-json\/wp\/v2\/pages"}],"about":[{"href":"https:\/\/cqab.eu\/en\/wp-json\/wp\/v2\/types\/page"}],"author":[{"embeddable":true,"href":"https:\/\/cqab.eu\/en\/wp-json\/wp\/v2\/users\/1"}],"replies":[{"embeddable":true,"href":"https:\/\/cqab.eu\/en\/wp-json\/wp\/v2\/comments?post=18510"}],"version-history":[{"count":10,"href":"https:\/\/cqab.eu\/en\/wp-json\/wp\/v2\/pages\/18510\/revisions"}],"predecessor-version":[{"id":18751,"href":"https:\/\/cqab.eu\/en\/wp-json\/wp\/v2\/pages\/18510\/revisions\/18751"}],"wp:attachment":[{"href":"https:\/\/cqab.eu\/en\/wp-json\/wp\/v2\/media?parent=18510"}],"curies":[{"name":"wp","href":"https:\/\/api.w.org\/{rel}","templated":true}]}}