{"id":18505,"date":"2024-02-08T22:48:53","date_gmt":"2024-02-08T22:48:53","guid":{"rendered":"https:\/\/cqab.eu\/scientific-articles\/"},"modified":"2024-05-21T19:03:29","modified_gmt":"2024-05-21T19:03:29","slug":"scientific-articles","status":"publish","type":"page","link":"https:\/\/cqab.eu\/en\/scientific-articles\/","title":{"rendered":"Scientific articles"},"content":{"rendered":"\t\t<div data-elementor-type=\"wp-page\" data-elementor-id=\"18505\" class=\"elementor elementor-18505\">\n\t\t\t\t<div class=\"wd-negative-gap elementor-element elementor-element-8800b43 e-flex e-con-boxed e-con e-parent\" data-id=\"8800b43\" data-element_type=\"container\">\n\t\t\t\t\t<div class=\"e-con-inner\">\n\t\t\t\t<div class=\"elementor-element elementor-element-40356a6 elementor-widget elementor-widget-wd_text_block\" data-id=\"40356a6\" data-element_type=\"widget\" data-widget_type=\"wd_text_block.default\">\n\t\t\t\t<div class=\"elementor-widget-container\">\n\t\t\t\t\t<div class=\"wd-text-block reset-last-child text-left\">\n\t\t\t\n\t\t\t<h1 class=\"entry-title title\">Scientific articles<\/h1>\n\t\t\t\t\t<\/div>\n\t\t\t\t<\/div>\n\t\t\t\t<\/div>\n\t\t\t\t<div class=\"elementor-element elementor-element-6b672ca elementor-widget elementor-widget-wd_text_block\" data-id=\"6b672ca\" data-element_type=\"widget\" data-widget_type=\"wd_text_block.default\">\n\t\t\t\t<div class=\"elementor-widget-container\">\n\t\t\t\t\t<div class=\"wd-text-block reset-last-child text-left color-scheme-dark\">\n\t\t\t\n\t\t\t<ul><li><strong>Physicochemical and Pharmacotechnical characterization of ingredients for the development of Prussian blue tablet formulation<\/strong>. N. S. Torres-Pab\u00f3n, M. I. Fern\u00e1ndez-Bachiller, G. Torrado-Dur\u00e1n, R. Gonz\u00e1lez-Crespo, C. Torrado-Salmer\u00f3n, A. Juber\u00edas-S\u00e1nchez. Helyon <strong>2024<\/strong> , <em>10<\/em>, (2), e24284<\/li><li><strong>Effectiveness of different immobilized Candida antarctica lipase b in the production of biobased derivatives from poly(butylene succinate)(PBS) and poly(butylene adipate)(PBA).<\/strong> Malvicini; A. Gutierrez-Moraga; M. Rodr\u00edguez; S. Mu\u00f1oz-Bustillo; L. Salazar; Carlos Sunkel; Leonor Nozal. European Polymer Journal. <strong>2023<\/strong>, 201, pp. 112575 -112584.<\/li><li><strong>Untargeted metabolomic study by liquid chromatography\u2013mass spectrometry in brain tissues on the effects of combined cocaine and ethanol self-administration in male and female young rats.<\/strong> Alberto Marcos, Carlos Le\u00f3n, Mario Moreno-Fern\u00e1ndez, Florentina Castro-Rubio, Lucia Garrido-Matilla, Leonor Nozal, Emilio Ambrosio, Antonio L. Crego. Journal of Chromatography A, <strong>2023<\/strong>. 1700, 464047.<\/li><li><strong>Untargeted metabolomic analysis to explore the impact of soil amendments in a nonconventional wastewater treatment.<\/strong> Blanca Huidobro-L\u00f3pez, Isabel L\u00f3pez-Heras, Carlos Leon, Virtudes Martinez-Hernandez, Leonor Nozal, Antonio L. Crego, Irene de Bustamante.Science of the Total Environment, <strong>2023<\/strong>. 870, 161890.<\/li><li><strong>Probing Factor Xa Protein-Ligand Interactions: Accurate Free Energy Calculations and Experimental Validations of Two Series of High-Affinity Ligands.<\/strong> I. Fern\u00e1ndez-Bachiller, S. Hwang, M. Schembri, P. Lindemann, M. Guberman, S. Ehrmann, E. Specker, H. Matter, D. Will, J. Czech, M. Wagner, A. Bauer, H. Schreuder, K. Ritter, M. Urmann, V. Wehner, H. Sun, M. Nazar\u00e9, Marc. <em>J. Med. Chem.<\/em> <strong>2022<\/strong>, <em>65<\/em>, 13013-13028.<\/li><li><strong>Metabolic fingerprinting of chemotherapy-resistant prostate cancer stem cells. An untargeted metabol\u00f3mica approach by liquid chromatography-mass spectrometry<\/strong>. Alicia Bort, Bel\u00e9n G. S\u00e1nchez, Carlos Le\u00f3n, Leonor Nozal, Jos\u00e9 M. Mora-Rodr\u00edguez, Florentina Castro, Antonio L. Crego and In\u00e9s D\u00edaz-Laviada. Front. Cell Dev. Biol., <strong>2022<\/strong>, 10:1005675.<\/li><li><strong>Improved methods for the detection and quantification of SARS<\/strong><strong>\u2011<\/strong><strong>CoV<\/strong><strong>\u2011<\/strong><strong>2 RNA in wastewater<\/strong>. Beatriz Peinado, Lorena Mart\u00ednez\u2011Garc\u00eda, Francisco Mart\u00ednez, Leonor Nozal and Mar\u00eda Blanca S\u00e1nchez. Scientific Reports, 12:7201.<\/li><li><strong>Improved methods for the detection and quantification of SARS<\/strong><strong>\u2011<\/strong><strong>CoV<\/strong><strong>\u2011<\/strong><strong>2 RNA in wastewater.<\/strong><\/li><\/ul><p>Beatriz Peinado, Lorena Mart\u00ednez\u2011Garc\u00eda, Francisco Mart\u00ednez, Leonor Nozal and Mar\u00eda Blanca<\/p><p>S\u00e1nchez.. Scientific Reports, <strong>2022<\/strong>. 12:7201.<\/p><ul><li><strong>Analytical method to monitor contaminants of emerging concern in water and soil simples from a non-conventional wastewater treatment system.<\/strong> Blanca Huidobro-L\u00f3pez, Isabel L\u00f3pez-Heras, Covadonga Alonso Alonso, Virtudes Mart\u00ednez-Hern\u00e1ndez, Leonor Nozal, Irene de Bustamante. Journal of Chromatography A, Volume, 1671.<\/li><li><strong>Synthesis and Characterization of new L-carnitine-based ionic liquids and their evaluation as additives in cyclodextrin-electrokinetic chromatography for the chiral separation of tiol amino acids<\/strong>. S. Salido-Fortuna, I. Fern\u00e1ndez Bachiller, M. L. Marina, M. Castro-Puyana. <em>J. Chromatogr <\/em>A. 2022, 1670, 462955-462965.<\/li><li><strong>Microwave-Assisted Pyrolysis of Leather Waste.<\/strong> Gonzalez-Lucas, Maria; Peinado, Manuel; Vaquero, Juan J.; Nozal, Leonor; Aguirre, Juan Luis, Gonzalez-Egido, Sergio, Energies (Basel, Switzerland), <strong>2022<\/strong>. Volume: 15,1273.<\/li><li><strong>Pharmaceutical and transformation products during unplanned water reuse: Insights into natural attenuation, plant uptake and human health impact under field conditions.<\/strong> Meffe, Raffaella; de Santiago-Martin, Ana; Teijon, Gloria; Martinez Hernandez, Virtudes; Lopez-Heras,<\/li><li>Isabel; Nozal, Leonor; de Bustamante, Irene. Environment International <strong>2021<\/strong>, 157, 106835.<\/li><li><strong>Making Waves: Collaboration in the time of SARS-CoV-2 - rapid development of an international co-operation and wastewater surveillance database to support public health decision-making.<\/strong> Lundy, Lian ; Fatta-Kassinos, Despo; Slobodnik, Jaroslav; Karaolia, Popi; Cirka,<\/li><li>Lubos ; Kreuzinger, Norbert ; Castiglioni, Sara; Bijlsma, Lubertus ; Dulio, Valeria; Deviller, Genevieve; Nozal, Leonor et al. Water ResearchVolume:, Journal; Article; Review, <strong>2021<\/strong>. 199.<\/li><li><strong>Composition, ageing and herbicidal properties of wood vinegar obtained through fast biomass pyrolysis.<\/strong> Aguirre, Juan Luis Baena, Juan; Martin, Maria Teresa; Nozal, Leonor; Gonzalez, Sergio; Manjon, Jose Luis; Peinado, Manuel. Energies (Basel, Switzerland), 2021. Volume: 13, 2418.<\/li><li><strong>A tricin derivative from Deschampsia Antartica Desv., inhibits colorectal carcinoma growth and liver metastasis through the induction of a specific immune response<\/strong>. Mart\u00ednez; Antonio Salgado Serrano; Manuel Hidalgo Medina; Pedro Pablo L\u00f3pez-Casas; Jos\u00e9 Luis Novella Robisco; Juan Jos\u00e9 Vaquero L\u00f3pez; Guillermo Mazzolini. Molecular Cancer Therapeutics. <strong>2018<\/strong>, 17, pp. 966 - 976.<\/li><li><strong>Microwave-assisted pyrolysis of Mediterranean forest biomass waste: Bioproduct characterization.<\/strong> Mar\u00eda Teresa Mart\u00edn; Ana Bel\u00e9n Sanz Torres; Leonor Nozal Mart\u00ednez; Florentina Castro Rubio; R\u00e1ul Alonso Aguila; Juan Luis Aguirre Mart\u00ednez; Sergio David Gonz\u00e1lez Egido; Maria Paz Mat\u00eda Mart\u00edn; Jos\u00e9 Luis Novella Robisco; Juan Jos\u00e9 Vaquero L\u00f3pez.\u00a0 Journal of Analytical and Applied Pyrolysis, <strong>2017<\/strong>.\u00a0 127, pp. 278 - 285. \u00a0<\/li><li><strong>Synthesis of 9,9\u2032-[1,2-Ethanediylbis(oxymethylene)]bis-2-amino-1,9-dihydro-6H-purin-6-one, an Impurity of Acyclovir<\/strong>.R.M. Su\u00e1rez, M.P. Mat\u00eda, J.L. Novella, A. Molina, A. Cosme,J.J. Vaquero, J. Alvarez-Builla.\u00a0<em>Molecules\u00a0<\/em><strong>2012<\/strong>, 17, 8735-8741.<\/li><li><strong>Determination of nonprotein amino acids and betaines in vegetable oils by flow injection triple-quadrupole tandem Mass Spectrometry: a screening method for the detection of adulterations of olive oils.\u00a0<\/strong> S\u00e1nchez-Hern\u00e1ndez, L. Nozal, M.L. Marina, A.L. Crego,\u00a0<em>Journal of Agricultural and Food Chemistry<\/em><strong>2012,<\/strong>\u00a060, 896-903<\/li><li><strong>Bactericidal effect of saffron (Crocus sativus L.) on Salmonella enterica during storage<\/strong>.\u00a0<em>C<\/em>. Pintado, A. de Miguel, O. Acevedo, L. Nozal, J.L. Novella,\u00a0R. Rotger.<em>Food Control\u00a0<\/em><strong>2011<\/strong>, 22, 638-642.<\/li><li><strong>Microbiological quality of saffron from the main producer countries.<\/strong><em>I<\/em>. Cosano, C. Pintado, O. Acevedo, J.L. Novella, G.L. Alonso, M. Carmona, C. de la Rosa, R. Rotger<em>. Journal of Food Protection\u00a0<\/em><strong>2009<\/strong>,<strong>\u00a0<\/strong>72, 2217-2220.<\/li><li><strong>Synthesis of {3-(2-dimethylamino-ethyl)-2-[3-(2-dimethylaminoethyl)-1<\/strong><em><strong>H<\/strong><\/em><strong>-indol-5-ylmethyl]-1<\/strong>H<strong>-indol-5-yl}-N-methyl-methanesulfonamide, the main Sumatriptan impurity.\u00a0<\/strong>Sanz, A.M.G. Carril, M.P. Mat\u00eda, J.L. Novella, J. Alvarez-Builla.<em>Arkivoc\u00a0<\/em><strong>2008<\/strong>, (ii), 53-58.<\/li><li><strong>Synthesis of -(1, 1, 3-trioxo-1, 3-dihydrobenzo[d]isothiazol-2-yl)-alkanecarboxylic acids: conventional versus microwave heating.<\/strong>Soler, V.Cerrada, M.P. Mat\u00eda, J.L. Novella, J. Alvarez-Builla.<em>Arkivoc\u00a0<\/em><strong>2007<\/strong>, (iv), 312-319.<\/li><li><strong>Biodiesel and FAME synthesis assisted by microwaves:Homogeneous batch and flow processes.<\/strong> Hernando, P. Leton, M.P. Matia, J.L. Novella, J. Alvarez-Builla<em>. Fuel\u00a0<\/em><strong>2007<\/strong>, 86, 1641\u20131644<\/li><li><strong>Crocetin esters, picrocrocins and its related compounds present in\u00a0<\/strong><em><strong>Crocus sativus<\/strong><\/em><strong>stigmas and\u00a0<\/strong><em><strong>Gardenia jasminoides<\/strong><\/em><strong> tentative identification of seven new compounds by LC-ESI-MS.\u00a0<\/strong>M.Carmona, A. Zalacain, A.M. Sanchez, J.L. Novella, G.L. Alonso. Journal agricultural and food chemistry<em>\u00a0<\/em><strong>2006<\/strong>, 54, 973-979.<\/li><li><strong>Synthesis of 2- and 4-hydroxymethyl Loratadine, usual impurities in Loratadine syrup formulations.<\/strong><em> Cerrada, M.P. Mat\u00eda-Mart\u00edn, J. L. Novella, J. Alvarez-Builla. Arkivoc 2005 (ix) 200-206<\/em><\/li><li><strong>Synthesis of sterculic acid.<\/strong><em>J<\/em>. Hernando, M.P. Mat\u00eda, J.L. Novella, J. Alvarez-Builla.<em>\u00a0Arkivoc\u00a0<\/em><strong>2002<\/strong>, (v), 26-30.<\/li><\/ul>\n\t\t\t\t\t<\/div>\n\t\t\t\t<\/div>\n\t\t\t\t<\/div>\n\t\t\t\t\t<\/div>\n\t\t\t\t<\/div>\n\t\t\t\t<\/div>\n\t\t","protected":false},"excerpt":{"rendered":"<p>Scientific articles Physicochemical and Pharmacotechnical characterization of ingredients for the development of Prussian blue tablet formulation. N. S. Torres-Pab\u00f3n, M.<\/p>\n","protected":false},"author":1,"featured_media":0,"parent":0,"menu_order":0,"comment_status":"closed","ping_status":"closed","template":"","meta":{"footnotes":""},"class_list":["post-18505","page","type-page","status-publish","hentry"],"_links":{"self":[{"href":"https:\/\/cqab.eu\/en\/wp-json\/wp\/v2\/pages\/18505","targetHints":{"allow":["GET"]}}],"collection":[{"href":"https:\/\/cqab.eu\/en\/wp-json\/wp\/v2\/pages"}],"about":[{"href":"https:\/\/cqab.eu\/en\/wp-json\/wp\/v2\/types\/page"}],"author":[{"embeddable":true,"href":"https:\/\/cqab.eu\/en\/wp-json\/wp\/v2\/users\/1"}],"replies":[{"embeddable":true,"href":"https:\/\/cqab.eu\/en\/wp-json\/wp\/v2\/comments?post=18505"}],"version-history":[{"count":4,"href":"https:\/\/cqab.eu\/en\/wp-json\/wp\/v2\/pages\/18505\/revisions"}],"predecessor-version":[{"id":18509,"href":"https:\/\/cqab.eu\/en\/wp-json\/wp\/v2\/pages\/18505\/revisions\/18509"}],"wp:attachment":[{"href":"https:\/\/cqab.eu\/en\/wp-json\/wp\/v2\/media?parent=18505"}],"curies":[{"name":"wp","href":"https:\/\/api.w.org\/{rel}","templated":true}]}}