{"id":18499,"date":"2024-02-08T22:40:23","date_gmt":"2024-02-08T22:40:23","guid":{"rendered":"https:\/\/cqab.eu\/patents\/"},"modified":"2024-05-21T20:42:13","modified_gmt":"2024-05-21T20:42:13","slug":"patents","status":"publish","type":"page","link":"https:\/\/cqab.eu\/en\/patents\/","title":{"rendered":"Patents"},"content":{"rendered":"\t\t<div data-elementor-type=\"wp-page\" data-elementor-id=\"18499\" class=\"elementor elementor-18499\">\n\t\t\t\t<div class=\"wd-negative-gap elementor-element elementor-element-8800b43 e-flex e-con-boxed e-con e-parent\" data-id=\"8800b43\" data-element_type=\"container\">\n\t\t\t\t\t<div class=\"e-con-inner\">\n\t\t\t\t<div class=\"elementor-element elementor-element-40356a6 elementor-widget elementor-widget-wd_text_block\" data-id=\"40356a6\" data-element_type=\"widget\" data-widget_type=\"wd_text_block.default\">\n\t\t\t\t<div class=\"elementor-widget-container\">\n\t\t\t\t\t<div class=\"wd-text-block reset-last-child text-left\">\n\t\t\t\n\t\t\t<h2><span style=\"text-align: var(--text-align);\">Patents<\/span><\/h2>\n\t\t\t\t\t<\/div>\n\t\t\t\t<\/div>\n\t\t\t\t<\/div>\n\t\t\t\t<div class=\"elementor-element elementor-element-6b672ca elementor-widget elementor-widget-wd_text_block\" data-id=\"6b672ca\" data-element_type=\"widget\" data-widget_type=\"wd_text_block.default\">\n\t\t\t\t<div class=\"elementor-widget-container\">\n\t\t\t\t\t<div class=\"wd-text-block reset-last-child text-left color-scheme-dark\">\n\t\t\t\n\t\t\t<ul>\n \t<li><strong>Tricin derivatives and compositions thereof for cancer treatment. <\/strong>Manuel Gidekel; Jos\u00e9 Luis Novella Robisco; Mario Nicolas Banduc. NEOCAGE SL. US 11,534,449 B2.<\/li>\n\n \t<li><strong>Chiral ionic liquid based on L-carnitine esters and their use as chiral selectors in dual systems for the separation of enanthyomers by capillary electrophoresis. <\/strong>J. Vaquero L\u00f3pez, J.L. Novella Robisco, M.I. Fern\u00e1ndez Bachiller, M. Gre\u00f1o Ocariz, M. Castro Puyana. Universidad de Alcal\u00e1. ES201930903.<\/li>\n\n \t<li><strong>Procedure for obtaining substituted 1,4-dihydropyridines useful for the treatment of hypertension<\/strong>. C. Picornell, C. Sunkel, J.I. Lozano, J.L. Novella, J. Alvarez-Builla. LICONSA,LIBERACION CONTROLADA DE SUSTANCIAS ACTIVAS, S.A. P200001967.<\/li>\n\n \t<li><strong>Synthesis and uses of pyroglutamic acid derivatives<\/strong>. S. Serna, M.P. Mat\u00eda, J.L. Novella, J. Alvarez-Builla. PRODIMED, S.A. PCT\/EP2007053900.<\/li>\n\n \t<li><strong>Use of a compound derived from p-hydroxyphenylpropionic acid for the treatment of psoriasis<\/strong>. J.P. Pivel, J.M. Ferrer, F. Mart\u00ednez, J.M. Irache, J.L. Novella, J.J. P\u00e9rez, M.P. Mat\u00eda, J. Alvarez-Builla, J. Bermejo, F. Vidal. APOTEKNOS PARA LA PIEL, S.L.PCT\/EP<\/li>\n\n \t<li><strong>Storage stable polyethylene modified bitumen<\/strong>. A. Torrej\u00f3n, M.P. Mat\u00eda, J.L. Novella, J.J. Vaquero. DITECPESA, S.A. P201131784.<\/li>\n\n \t<li><strong>Miniaturized procedure in multiwell plates to analyze the binding of ligands to nucleic acids by obtaining thermal fusion curves<\/strong>. A. Domingo, V. Garc\u00eda, Juan J. Vaquero, 2010, PCT\/ES 210000264<\/li>\n<\/ul>\n\t\t\t\t\t<\/div>\n\t\t\t\t<\/div>\n\t\t\t\t<\/div>\n\t\t\t\t\t<\/div>\n\t\t\t\t<\/div>\n\t\t\t\t<\/div>\n\t\t","protected":false},"excerpt":{"rendered":"<p>Patents Tricin derivatives and compositions thereof for cancer treatment. Manuel Gidekel; Jos\u00e9 Luis Novella Robisco; Mario Nicolas Banduc. NEOCAGE SL.<\/p>\n","protected":false},"author":1,"featured_media":0,"parent":0,"menu_order":0,"comment_status":"closed","ping_status":"closed","template":"","meta":{"footnotes":""},"class_list":["post-18499","page","type-page","status-publish","hentry"],"_links":{"self":[{"href":"https:\/\/cqab.eu\/en\/wp-json\/wp\/v2\/pages\/18499","targetHints":{"allow":["GET"]}}],"collection":[{"href":"https:\/\/cqab.eu\/en\/wp-json\/wp\/v2\/pages"}],"about":[{"href":"https:\/\/cqab.eu\/en\/wp-json\/wp\/v2\/types\/page"}],"author":[{"embeddable":true,"href":"https:\/\/cqab.eu\/en\/wp-json\/wp\/v2\/users\/1"}],"replies":[{"embeddable":true,"href":"https:\/\/cqab.eu\/en\/wp-json\/wp\/v2\/comments?post=18499"}],"version-history":[{"count":7,"href":"https:\/\/cqab.eu\/en\/wp-json\/wp\/v2\/pages\/18499\/revisions"}],"predecessor-version":[{"id":18616,"href":"https:\/\/cqab.eu\/en\/wp-json\/wp\/v2\/pages\/18499\/revisions\/18616"}],"wp:attachment":[{"href":"https:\/\/cqab.eu\/en\/wp-json\/wp\/v2\/media?parent=18499"}],"curies":[{"name":"wp","href":"https:\/\/api.w.org\/{rel}","templated":true}]}}