{"id":18425,"date":"2024-02-13T22:21:05","date_gmt":"2024-02-13T22:21:05","guid":{"rendered":"https:\/\/cqab.eu\/business-practices\/"},"modified":"2025-02-25T22:47:33","modified_gmt":"2025-02-25T22:47:33","slug":"business-practices","status":"publish","type":"page","link":"https:\/\/cqab.eu\/en\/business-practices\/","title":{"rendered":"Business Practices"},"content":{"rendered":"\t\t<div data-elementor-type=\"wp-page\" data-elementor-id=\"18425\" class=\"elementor elementor-18425\">\n\t\t\t\t<div class=\"wd-negative-gap elementor-element elementor-element-e34fd71 e-flex e-con-boxed e-con e-parent\" data-id=\"e34fd71\" data-element_type=\"container\">\n\t\t\t\t\t<div class=\"e-con-inner\">\n\t\t\t\t<div class=\"elementor-element elementor-element-b0e31a5 elementor-widget elementor-widget-wd_text_block\" data-id=\"b0e31a5\" data-element_type=\"widget\" data-widget_type=\"wd_text_block.default\">\n\t\t\t\t<div class=\"elementor-widget-container\">\n\t\t\t\t\t<div class=\"wd-text-block reset-last-child text-left\">\n\t\t\t\n\t\t\t<ul><li><b>Istituto Superiore di Istruzione Industriale G.Marconi from Piacenza, diplomattura in \u201cChimica e materiali\u201d.<\/b><span style=\"font-weight: 400;\">\u00a0 <\/span><span style=\"font-weight: 400;\">Fjona Krasniqi. <\/span><span style=\"font-weight: 400;\">Erasmus internship<\/span><span style=\"font-weight: 400;\">. <\/span><b>2023.<\/b><\/li><li><b>Istituto Superiore di Istruzione Industriale G.Marconi from Piacenza, diplomattura in \u201cChimica e materiali\u201d.<\/b><span style=\"font-weight: 400;\">\u00a0 <\/span><span style=\"font-weight: 400;\">Heba Goundali. . <\/span><span style=\"font-weight: 400;\">Erasmus internship<\/span><span style=\"font-weight: 400;\">. <\/span><b>2023.<\/b><\/li><li><b>Degree in Chemistry at the University of Alcal\u00e1 (Madrid).<\/b> <span style=\"font-weight: 400;\">Katherine Madrid Fern\u00e1ndez. Business Internship. <\/span><b>2023<\/b><span style=\"font-weight: 400;\">.<\/span><\/li><li><b>Degree in Chemistry at the University of Alcal\u00e1 (Madrid).<\/b><span style=\"font-weight: 400;\">\u00a0 <\/span><span style=\"font-weight: 400;\">Yeray Vasconez Sarango. Business Internship. <\/span><b>2023<\/b><span style=\"font-weight: 400;\">.<\/span><\/li><li><b>Medium Degree Vocational Training Cycle in Laboratory Operations of the I.E.S. \u201cLope de Vega\u201d (Madrid).<\/b> <span style=\"font-weight: 400;\">Angie Sempertegui Riofrio<\/span><span style=\"font-weight: 400;\">. <\/span><span style=\"font-weight: 400;\">Business Internship. <\/span><b>2023.\u00a0<\/b><\/li><li><b>Higher Technical Vocational Training Cycle in Analysis and Quality Control Laboratory of the I.E.S. \u201cLope de Vega\u201d (Madrid).<\/b> <span style=\"font-weight: 400;\">H\u00e9ctor Andr\u00e9s Estrella Falc\u00f3n. Business Internship. <\/span><b>2023.\u00a0<\/b><\/li><li><b>Higher Technical Vocational Training Cycle in Analysis and Quality Control Laboratory of the I.E.S. \u201cPalomeras-Vallecas\u201d (Madrid).<\/b><span style=\"font-weight: 400;\">\u00a0 <\/span><span style=\"font-weight: 400;\">Mar\u00eda Collado Pastrana. Business Internship. <\/span><b>2023.\u00a0<\/b><\/li><li><b>Higher Technical Vocational Training Cycle in Industrial Chemistry of the I.E.S. \u201cPalomeras-Vallecas\u201d (Madrid):<\/b> <span style=\"font-weight: 400;\">Alba Mar\u00edn Garc\u00eda. Business Internship. <\/span><b>2023.<\/b><span style=\"font-weight: 400;\">\u00a0<\/span><\/li><li><b>Higher Technical Vocational Training Cycle in Industrial Chemistry of the I.E.S. \u201cPalomeras-Vallecas\u201d (Madrid). <\/b><span style=\"font-weight: 400;\">Christian Spinu. Business Internship. <\/span><b>2023.<\/b><\/li><li><b>Degree in Chemistry at the University of Alcal\u00e1 (Madrid). <\/b><span style=\"font-weight: 400;\">Miriam Salgado G\u00f3mez. Business Internship. <\/span><b>2022<\/b><span style=\"font-weight: 400;\">.<\/span><\/li><li><b>Degree in Chemistry at the University of Alcal\u00e1 (Madrid). <\/b><span style=\"font-weight: 400;\">Alicia Calzada Gabino. Business Internship. <\/span><b>2022<\/b><span style=\"font-weight: 400;\">.<\/span><\/li><li><b>Higher Technical Vocational Training Cycle in Analysis and Quality Control Laboratory of the I.E.S. \u201cLope de Vega\u201d (Madrid).<\/b> <span style=\"font-weight: 400;\">Irene Moreno Gallego. Business Internship.<\/span> <b>2022.<\/b><span style=\"font-weight: 400;\">\u00a0<\/span><\/li><li><b>Medium Degree Vocational Training Cycle in Laboratory Operations of the I.E.S. \u201cPalomeras-Vallecas\u201d (Madrid).<\/b><span style=\"font-weight: 400;\">\u00a0 <\/span><span style=\"font-weight: 400;\">Adri\u00e1n de Dios Hern\u00e1ndez<\/span><span style=\"font-weight: 400;\">.<\/span><span style=\"font-weight: 400;\"> Business Internship.<\/span> <b>2022<\/b><span style=\"font-weight: 400;\">.\u00a0<\/span><\/li><li><b>Higher Technical Vocational Training Cycle in Industrial Chemistry of the I.E.S. \u201cPalomeras-Vallecas\u201d (Madrid).<\/b> <span style=\"font-weight: 400;\">Nathalia Ibag\u00f3n L\u00f3pez. Business Internship. <\/span><b>2022.<\/b><span style=\"font-weight: 400;\">\u00a0<\/span><\/li><li><b>Higher Technical Vocational Training Cycle in Analysis and Quality Control Laboratory of the I.E.S. \u201cPalomeras-Vallecas\u201d (Madrid).<\/b> <span style=\"font-weight: 400;\">Anabel Cuevas S\u00e1nchez<\/span><span style=\"font-weight: 400;\">.<\/span><span style=\"font-weight: 400;\"> Business Internship.<\/span> <b>2022.<\/b><span style=\"font-weight: 400;\">\u00a0<\/span><\/li><li><b>Higher Technical Vocational Training Cycle in Manufacturing of Pharmaceutical, Biotechnological and related products of the I.E.S. \u201cMateo Alem\u00e1n\u201d (Alcal\u00e1 de Henares).<\/b> <span style=\"font-weight: 400;\">Lucia Hern\u00e1ndez Borrego. Business Internship. <\/span><b>2022.<\/b><\/li><li><b>Degree in Chemistry at the University of Alcal\u00e1 (Madrid). <\/b><span style=\"font-weight: 400;\">Marta Marina Latorre. Business Internship. <\/span><b>2021<\/b><span style=\"font-weight: 400;\">.<\/span><\/li><li><b>Synthesis of N-(2-aminoethyl)-1-(4-methoxyphenyl)-9H-pyrido(3,4-B) indole carboxamide hydrochloride for the investigation of metabolic syndrome. <\/b><span style=\"font-weight: 400;\">Jorge Castro Herv\u00edas. Business Internship Work for the Degree in Chemistry at the University of Alcal\u00e1 (Madrid). <\/span><b>2021<\/b><span style=\"font-weight: 400;\">.<\/span><\/li><li><b>Higher Technical Vocational Training Cycle in Industrial Chemistry of the I.E.S. \u201cPalomeras-Vallecas\u201d (Madrid). <\/b><span style=\"font-weight: 400;\">Gonzalo R\u00edos Colchado. Business Internship. <\/span><b>2021.<\/b><\/li><li><b>Higher Technical Vocational Training Cycle in Analysis and Quality Control Laboratory of the I.E.S. \u201cMateo Alem\u00e1n\u201d (Madrid). <\/b><span style=\"font-weight: 400;\">Carlos S\u00e1ez Canovas. Business Internship. <\/span><b>2021.\u00a0<\/b><\/li><li><b>Higher Technical Vocational Training Cycle in Analysis and Quality Control Laboratory of the I.E.S. \u201cLope de Vega\u201d (Madrid). <\/b><b>Fabio del Valle Mendoza. <\/b><span style=\"font-weight: 400;\">Business Internship. <\/span><b>2021.\u00a0<\/b><\/li><li><b>Medium Technical Vocational Training Cycle in Chemical Plant of the I.E.S. \u201cPalomeras-Vallecas\u201d (Madrid).\u00a0 <\/b><span style=\"font-weight: 400;\">I\u00f1aki Gonz\u00e1lez Garcia. Business Internship.<\/span><b> 2021.\u00a0<\/b><\/li><li><b>Higher Technical Vocational Training Cycle in Industrial Chemistry of the I.E.S. \u201cPalomeras-Vallecas\u201d (Madrid). <\/b><span style=\"font-weight: 400;\">Maite \u00c1lvarez Moreno. Business Internship.<\/span> <b>2021.\u00a0<\/b><\/li><li><b>Higher Technical Vocational Training Cycle in Analysis and Quality Control Laboratory of the I.E.S. \u201cMateo Alem\u00e1n\u201d (Madrid). <\/b><span style=\"font-weight: 400;\">Izabela Gancarz. Business Internship.<\/span><b> 2021.\u00a0<\/b><\/li><li><b>Medium Technical Vocational Training Cycle in Chemical Plant of the I.E.S. \u201cMateo Alem\u00e1n\u201d (Alcal\u00e1 de Henares). <\/b><span style=\"font-weight: 400;\">Valentina Mesa Hegguilustoy.<\/span> <span style=\"font-weight: 400;\">Business Internship.<\/span><b>2020.<\/b><\/li><li><b>Higher Technical Vocational Training Cycle in Industrial Chemistry of the I.E.S. \u201cPalomeras-Vallecas\u201d (Madrid). <\/b><span style=\"font-weight: 400;\">Silvia Cabrejas Arevalo. Business Internship.<\/span><b> 2020.<\/b><\/li><li><b>Higher Technical Vocational Training Cycle in Analysis and Quality Control Laboratory of the I.E.S. \u201cPalomeras-Vallecas\u201d (Madrid). <\/b><span style=\"font-weight: 400;\">Pablo Ros Garcia<\/span><b>. <\/b><span style=\"font-weight: 400;\">Business Internship. <\/span><b>2020.<\/b><\/li><li><b>Medium Technical Vocational Training Cycle in Chemical Plant of the I.E.S. \u201cPalomeras-Vallecas\u201d (Madrid).\u00a0 <\/b><span style=\"font-weight: 400;\">Daniel Fresno Onrubia. Business Internship.<\/span> <b>2020.<\/b><\/li><li><b>Synthesis of biopolymers based on PLA through metalic and enzymatic catalysis.<\/b> <span style=\"font-weight: 400;\">Elena \u00c1lvarez Ruiz. <\/span><span style=\"font-weight: 400;\">Internship Work for the Degree in Chemistry at the University of Alcal\u00e1 (Madrid). <\/span><b>2019.\u00a0<\/b><\/li><li><b>Degree in Chemistry at the University of Alcal\u00e1 (Madrid).<\/b> <span style=\"font-weight: 400;\">Judith Gila Tejedor. Business Internship. <\/span><b>2019<\/b><span style=\"font-weight: 400;\">.<\/span><\/li><li><b>Higher Technical Vocational Training Cycle in Industrial Chemistry of the I.E.S. \u201cPalomeras-Vallecas\u201d (Madrid). <\/b><span style=\"font-weight: 400;\">Ernesto Romero Garc\u00eda. Business Internship.<\/span> <b>2019.<\/b><\/li><li><b>Higher Technical Vocational Training Cycle in Industrial Chemistry of the I.E.S. \u201cPalomeras-Vallecas\u201d (Madrid). <\/b><span style=\"font-weight: 400;\">Camila Daniela Piedra Ruiz. Business Internship.<\/span> <b>2019.<\/b><\/li><li><b>Higher Technical Vocational Training Cycle in Analysis and Quality Control Laboratory of the I.E.S. \u201cLope de Vega\u201d (Madrid). <\/b><span style=\"font-weight: 400;\">Lidia Ayuga Morales. Business Internship.<\/span> <b>2019.<\/b><\/li><li><b>Medium Technical Vocational Training Cycle in Chemical Plant of the I.E.S. \u201cMateo Alem\u00e1n\u201d (Alcal\u00e1 de Henares). <\/b><span style=\"font-weight: 400;\">Valentina Mesa Hegguilustoy<\/span><b>. <\/b><span style=\"font-weight: 400;\">Business Internship.<\/span><b> 2019.<\/b><\/li><li><b>From the Bench to preindustrial scale. Optimization of new synthetic routes for the intermediate and active compounds.<\/b> <span style=\"font-weight: 400;\">Guillermo Germ\u00e1n Ot\u00e1rola Tejada. Trabajo de Pr\u00e1cticas de Empresa del Grado en Qu\u00edmicas de la Universidad de Alcal\u00e1 (Madrid). <\/span><b>2018<\/b><span style=\"font-weight: 400;\">.<\/span><\/li><li><b>Degree in Pharmacy at the University of Alcal\u00e1 (Madrid).<\/b> <span style=\"font-weight: 400;\">Enrique Mu\u00f1oz Mart\u00ednez. Business Internship. <\/span><b>2018<\/b><span style=\"font-weight: 400;\">.<\/span><\/li><li><b>Medium Technical Vocational Training Cycle in Chemical Plant of the<\/b><b> I.E.S. \u201cMateo Alem\u00e1n\u201d (Alcal\u00e1 de Henares). <\/b><span style=\"font-weight: 400;\">Roberto Corralejo Lara.<\/span> <span style=\"font-weight: 400;\">Business Internship. <\/span><b>2018.<\/b><\/li><li><b>Higher Technical Vocational Training Cycle in Industrial Chemistry of the<\/b><b> I.E.S. \u201cPalomeras-Vallecas\u201d (Madrid). <\/b><span style=\"font-weight: 400;\">V\u00edctor Cilleruelo Alc\u00e1zar. <\/span><span style=\"font-weight: 400;\">Business Internship.<\/span> <b>2018.<\/b><\/li><li><b>Higher Technical Vocational Training Cycle in Analysis and Quality Control Laboratory of the<\/b><b> I.E.S. \u201dLope de Vega\u201d (Madrid). <\/b><span style=\"font-weight: 400;\">Ana M\u00aa Fern\u00e1ndez Alonso.<\/span><b>\u00a0 <\/b><span style=\"font-weight: 400;\">Business Internship. <\/span><b>2018.<\/b><\/li><li><b>Degree in Chemistry at the University of Alcal\u00e1 (Madrid).<\/b> <span style=\"font-weight: 400;\">David S\u00e1nchez Roa. Business Internship. <\/span><b>2017<\/b><span style=\"font-weight: 400;\">.<\/span><\/li><li><b>Medium Technical Vocational Training Cycle in Chemical Plant of the <\/b><b>I.E.S. \u201cMateo Alem\u00e1n\u201d (Alcal\u00e1 de Henares). <\/b><span style=\"font-weight: 400;\">Sara Andrea Rivas Fleitas. <\/span><span style=\"font-weight: 400;\">Business Internship.<\/span> <b>2017.<\/b><\/li><li><b>Higher Technical Vocational Training Cycle in Analysis and Quality Control Laboratory of the<\/b><b> I.E.S. \u201cJos\u00e9 Luis Sampedro\u201d (Guadalajara). <\/b><span style=\"font-weight: 400;\">Lorena Trujillo Pat\u00f3n. <\/span><span style=\"font-weight: 400;\">Business Internship.<\/span> <b>2017.<\/b><\/li><li><b>Higher Technical Vocational Training Cycle in Analysis and Quality Control Laboratory of the<\/b><b> I.E.S. \u201dLope de Vega\u201d (Madrid). <\/b><span style=\"font-weight: 400;\">Jaime Sire Cabanyes.<\/span><b>\u00a0 <\/b><span style=\"font-weight: 400;\">Business Internship.<\/span><b>2017.<\/b><\/li><li><b>Medium Technical Vocational Training Cycle in Chemical Plant of the <\/b><b>I.E.S. \u201cMateo Alem\u00e1n\u201d (Alcal\u00e1 de Henares). <\/b><span style=\"font-weight: 400;\">Roberto Corralejo Lara.\u00a0 <\/span><span style=\"font-weight: 400;\">Business Internship.<\/span><b>\u00a0 2017.<\/b><\/li><li><b>Degree in Chemistry at the University of Alcal\u00e1 (Madrid).<\/b> <span style=\"font-weight: 400;\">Jessica Pastor Delicado.<\/span><span style=\"font-weight: 400;\"> Business Internship. <\/span><b>\u00a02016.<\/b><\/li><li><b>Degree in Chemistry at the University of Alcal\u00e1 (Madrid).<\/b> <span style=\"font-weight: 400;\">In\u00e9s Sanz Garc\u00eda. <\/span><span style=\"font-weight: 400;\">Business Internship. <\/span><b>\u00a02016.<\/b><\/li><li><b>Higher Technical Vocational Training Cycle Development of Computer Applications of the I.E.S. \u201cAlonso de Avellaneda\u201d (Alcal\u00e1 de Henares). <\/b><span style=\"font-weight: 400;\">Barbara Bustamante G\u00f3mez. <\/span><span style=\"font-weight: 400;\">Business Internship.<\/span> <b>2016.<\/b><\/li><li><b>Higher Technical Vocational Training Cycle in Industrial Chemistry of the<\/b><b> I.E.S. \u201cPalomeras-Vallecas\u201d (Madrid). <\/b><span style=\"font-weight: 400;\">Christian Castro Garcia.<\/span><span style=\"font-weight: 400;\"> Business Internship.<\/span><b> 2016.<\/b><\/li><li><b>Medium Technical Vocational Training Cycle Electrical and Automatic Installations of the I.E.S. \u201cAlonso de Avellaneda\u201d (Alcal\u00e1 de Henares). <\/b><span style=\"font-weight: 400;\">Christian Garc\u00eda.<\/span> <span style=\"font-weight: 400;\">Business Internship.<\/span><b> 2016.<\/b><\/li><li><b>Higher Technical Vocational Training Cycle in Analysis and Quality Control Laboratory of the<\/b><b> I.E.S. \u201cMateo Alem\u00e1n\u201d (Alcal\u00e1 de Henares). <\/b><span style=\"font-weight: 400;\">M\u00aa \u00c1ngeles Moreno \u00dabeda. <\/span><span style=\"font-weight: 400;\">Business Internship.<\/span><b> 2016.<\/b><\/li><li><b>Medium Technical Vocational Training Cycle in Chemical Plant of the <\/b><b>I.E.S. \u201cMateo Alem\u00e1n\u201d (Alcal\u00e1 de Henares). <\/b><span style=\"font-weight: 400;\">Sara Andrea Rivas Fleitas.<\/span> <span style=\"font-weight: 400;\">Business Internship.<\/span><b>2016.<\/b><\/li><li><b>Higher Technical Vocational Training Cycle in Industrial Chemistry of the<\/b><b> I.E.S. \u201cPalomeras-Vallecas\u201d (Madrid). <\/b><span style=\"font-weight: 400;\">Sergio Miranzo Mart\u00ednez.<\/span> <span style=\"font-weight: 400;\">Business Internship. <\/span><b>2016.<\/b><\/li><li><b>Higher Technical Vocational Training Cycle in Analysis and Quality Control Laboratory of the I.E.S. \u201cMateo Alem\u00e1n\u201d (Alcal\u00e1 de Henares). <\/b><span style=\"font-weight: 400;\">Javier Herranz Villagran.<\/span> <span style=\"font-weight: 400;\">Business Internship. <\/span><b>2015<\/b><span style=\"font-weight: 400;\">.<\/span><\/li><li><b>Higher Technical Vocational Training Cycle in Analysis and Quality Control Laboratory of the I.E.S. \u201cMateo Alem\u00e1n\u201d (Alcal\u00e1 de Henares). <\/b><span style=\"font-weight: 400;\">Mar\u00eda G\u00f3mez Villap\u00fan.<\/span> <span style=\"font-weight: 400;\">Business Internship. <\/span><b>2015.<\/b><\/li><li><b>Higher Technical Vocational Training Cycle Development of Administration of Computer Network Systems of the<\/b><b> I.E.S. \u201cAlonso de Avellaneda\u201d (Alcal\u00e1 de Henares). <\/b><b>Miguel Robles Gonz\u00e1lez, <\/b><span style=\"font-weight: 400;\">Business Internship. <\/span><b>2015.<\/b><\/li><li><b>Medium Technical Vocational Training Cycle Electrical and Automatic Installations of the <\/b><b>I.E.S. \u201cAlonso de Avellaneda\u201d (Alcal\u00e1 de Henares). <\/b><span style=\"font-weight: 400;\">Adri\u00e1n Serrano Jim\u00e9nez.<\/span> <b>.\u00a0<\/b><\/li><li><b>Degree in Chemistry at the University of Alcal\u00e1 (Madrid).<\/b> <span style=\"font-weight: 400;\">Estefania Gonz\u00e1lez Garc\u00eda. Business Internship. <\/span><b>2015<\/b><span style=\"font-weight: 400;\">.<\/span><\/li><li><b>Medium Technical Vocational Training Cycle in Administrative Management of the I.E.S \u201cAlonso de Avellaneda\u201d (Alcal\u00e1 de Henares). <\/b><span style=\"font-weight: 400;\">Yaiza Ruiz Dom\u00ednguez. Business Internship. <\/span><b>2015<\/b><span style=\"font-weight: 400;\">.<\/span><\/li><li><b>Medium Technical Vocational Training Cycle in Chemical Plant of the I.E.S. \u201cMateo Alem\u00e1n\u201d (Alcal\u00e1 de Henares). <\/b><span style=\"font-weight: 400;\">M\u00aa Auxiliadora G\u00e1lvez Cobacho. Business Internship. <\/span><b>2015<\/b><span style=\"font-weight: 400;\">.<\/span><\/li><li><b>Higher Technical Vocational Training Cycle in Analysis and Quality Control Laboratory of the I.E.S. \u201dLope de Vega\u201d (Madrid). <\/b><span style=\"font-weight: 400;\">Pablo Salvador D\u00edaz Silva. Business Internship. <\/span><b>2015<\/b><span style=\"font-weight: 400;\">.<\/span><\/li><li><b>Higher Technical Vocational Training Cycle in Industrial Chemistry of the I.E.S. \u201cPalomeras-Vallecas\u201d (Madrid). <\/b><span style=\"font-weight: 400;\">Ra\u00fal Romero Mart\u00ednez.<\/span> <span style=\"font-weight: 400;\">Business Internship. <\/span><b>2015<\/b><span style=\"font-weight: 400;\">.<\/span><\/li><li><b>Higher Technical Vocational Training Cycle in Enviromental Chemistry of the <\/b><b>I.E.S. \u201cJos\u00e9 Luis Sampedro\u201d (Guadalajara). <\/b><span style=\"font-weight: 400;\">Sara L\u00f3pez Peinado. Business Internship. <\/span><b>2015<\/b><span style=\"font-weight: 400;\">.<\/span><\/li><li><b>Higher Technical Vocational Training Cycle in Enviromental Chemistry of the <\/b><b>I.E.S. \u201cJos\u00e9 Luis Sampedro\u201d (Guadalajara). <\/b><span style=\"font-weight: 400;\">D\u00e9bora Rodrigo Matilla. Business Internship. <\/span><b>2015<\/b><span style=\"font-weight: 400;\">.<\/span><\/li><li><b>Higher Technical Vocational Training Cycle Development of Administration of Computer Network Systems of the<\/b><b> I.E.S. \u201cAlonso de Avellaneda\u201d (Alcal\u00e1 de Henares). <\/b><span style=\"font-weight: 400;\">Barbara Bustamante G\u00f3mez.<\/span> <span style=\"font-weight: 400;\">Business Internship. <\/span><b>2015<\/b><span style=\"font-weight: 400;\">.<\/span><\/li><li><b>Higher Technical Vocational Training Cycle in Enviromental Chemistry of the <\/b><b>I.E.S. \u201cLope de Vega\u201d (Madrid). <\/b><span style=\"font-weight: 400;\">Carla Cay\u00f3n Ruano. Business Internship. <\/span><b>2015<\/b><span style=\"font-weight: 400;\">.<\/span><\/li><li><b>Higher Technical Vocational Training Cycle in Analysis and Quality Control Laboratory of the I.E.S. \u201cMateo Alem\u00e1n\u201d (Alcal\u00e1 de Henares).<\/b><span style=\"font-weight: 400;\"> Miguel Morales Abad<\/span><b>. <\/b><span style=\"font-weight: 400;\">Business Internship. <\/span><b>2015<\/b><span style=\"font-weight: 400;\">.<\/span><\/li><li><b>Degree in Chemistry at the University of Alcal\u00e1 (Madrid). <\/b><span style=\"font-weight: 400;\">Eduardo Alonso Frutos.<\/span> <span style=\"font-weight: 400;\">Business Internship.<\/span> <b>2015.<\/b><\/li><li><b>Degree in Chemistry at the University of Alcal\u00e1 (Madrid). <\/b><span style=\"font-weight: 400;\">Jessica Pastor Delicado. Business Internship.<\/span> <b>2015.<\/b><\/li><li><b>Higher Technical Vocational Training Cycle in Enviromental Chemistry of the <\/b><b>I.E.S. \u201cLope de Vega\u201d (Madrid). <\/b><span style=\"font-weight: 400;\">Mihai Vecerzan.<\/span> <span style=\"font-weight: 400;\">Business Internship.<\/span> <b>2014.<\/b><\/li><li><b>Medium Technical Vocational Training Cycle in Chemical Plant of the I.E.S. \u201cMateo Alem\u00e1n\u201d (Alcal\u00e1 de Henares). <\/b><span style=\"font-weight: 400;\">Ana Bel\u00e9n Cabrera Bueno. Business Internship.<\/span> <b>2014.<\/b><\/li><li><b>Higher Technical Vocational Training Cycle in Analysis and Quality Control Laboratory of the I.E.S. \u201dJos\u00e9 Luis Sampedro\u201d (Guadalajara). <\/b><span style=\"font-weight: 400;\">Luis G\u00f3mez Mu\u00f1oz. Business Internship.<\/span> <b>2014.<\/b><\/li><li><b>Higher Technical Vocational Training Cycle in Analysis and Quality Control Laboratory of the I.E.S. \u201cLope de Vega\u201d (Madrid). <\/b><span style=\"font-weight: 400;\">Estela Simal Garc\u00eda.<\/span> <span style=\"font-weight: 400;\">Business Internship.<\/span> <b>2014.<\/b><\/li><li><b>Higher Technical Vocational Training Cycle in Enviromental Chemistry of the <\/b><b>I.E.S. \u201cJos\u00e9 Luis Sampedro\u201d (Guadalajara). <\/b><span style=\"font-weight: 400;\">Thal\u00eda Imbaquingo L\u00f3pez. Business Internship.<\/span> <b>2014.<\/b><\/li><li><b>Higher Technical Vocational Training Cycle in Enviromental Chemistry of the<\/b><b> I.E.S. \u201cJos\u00e9 Luis Sampedro\u201d (Guadalajara). <\/b><span style=\"font-weight: 400;\">Enrique Robledillo Yugueros. Business Internship.<\/span> <b>2014.<\/b><\/li><li><b>Medium Technical Vocational Training Cycle in Administrative Management of the I.E.S. \u201cAlonso de Avellaneda\u201d (Alcal\u00e1 de Henares). <\/b><span style=\"font-weight: 400;\">V\u00edctor Mart\u00ednez Pizones. Business Internship.<\/span> <b>2014.<\/b><\/li><li><b>Higher Technical Vocational Training Cycle in Enviromental Chemistry of the<\/b><b> I.E.S. \u201cLope de Vega\u201d (Madrid). <\/b><span style=\"font-weight: 400;\">Elena Gonz\u00e1lez de Heredia. Business Internship.<\/span> <b>2014.<\/b><\/li><li><b>Higher Technical Vocational Training Cycle in Analysis and Quality Control Laboratory of the I.E.S. \u201cMateo Alem\u00e1n\u201d (Alcal\u00e1 de Henares). <\/b><span style=\"font-weight: 400;\">Sandra Navarro Rivera. Business Internship.<\/span> <b>2014.<\/b><\/li><li><b>Degree in Chemistry at the University of Alcal\u00e1 (Madrid). <\/b><span style=\"font-weight: 400;\">Pedro Augusto de Oliveira Morais.<\/span> <span style=\"font-weight: 400;\">Business Internship. <\/span><b>2014<\/b><span style=\"font-weight: 400;\">.<\/span><\/li><li><b>Degree in Chemistry at the University of Alcal\u00e1 (Madrid). <\/b><span style=\"font-weight: 400;\">Sergio Palencia S\u00e1ez.<\/span> <span style=\"font-weight: 400;\">Business Internship. <\/span><b>2014<\/b><span style=\"font-weight: 400;\">.<\/span><\/li><li><b>Degree in Chemistry at the University of Alcal\u00e1 (Madrid).<\/b> <span style=\"font-weight: 400;\">Alejandro Mendiola Aragon\u00e9s.<\/span> <span style=\"font-weight: 400;\">Business Internship. <\/span><b>2014<\/b><span style=\"font-weight: 400;\">.<\/span><\/li><li><b>Medium Technical Vocational Training Cycle in Administrative Management of the <\/b><b>I.E.S. \u201cAlonso de Avellaneda\u201d(Alcal\u00e1 de Henares). <\/b><span style=\"font-weight: 400;\">Doris Paraschiv.<\/span> <span style=\"font-weight: 400;\">Business Internship.<\/span> <b>2013.<\/b><\/li><li><b>Medium Technical Vocational Training Cycle in Chemical Plant of the <\/b><b>I.E.S. \u201cMateo Alem\u00e1n\u201d (Alcal\u00e1 de Henares). <\/b><span style=\"font-weight: 400;\">Ainhoa Mateos Morales<\/span><span style=\"font-weight: 400;\">. Business Internship.<\/span> <b>2013.<\/b><\/li><li><b>Medium Technical Vocational Training Cycle in Chemical Plant of the <\/b><b>I.E.S. \u201cMateo Alem\u00e1n\u201d (Alcal\u00e1 de Henares). <\/b><span style=\"font-weight: 400;\">Estefan\u00eda S\u00e1ez Garc\u00eda. <\/span><span style=\"font-weight: 400;\">Business Internship.<\/span> <b>2013.<\/b><\/li><li><b>Higher Technical Vocational Training Cycle in Enviromental Chemistry of the I.E.S.\u201dJos\u00e9 Luis Sampedro\u201d (Guadalajara). <\/b><span style=\"font-weight: 400;\">\u00c1lvaro L\u00f3pez San Antonio<\/span><b>. <\/b><span style=\"font-weight: 400;\">Business Internship.<\/span> <b>2013.<\/b><\/li><li><b>Medium Technical Vocational Training Cycle Electrical and Automatic Installations of the I.E.S. \u201cAlonso de Avellaneda\u201d (Alcal\u00e1 de Henares). <\/b><span style=\"font-weight: 400;\">Steven Carri\u00f3n Mart\u00ednez<\/span><span style=\"font-weight: 400;\">. Business Internship.<\/span> <b>2013.<\/b><\/li><li><b>Higher Technical Vocational Training Cycle in Enviromental Chemistry of the I.E.S. \u201cLope de Vega\u201d (Madrid). <\/b><span style=\"font-weight: 400;\">Mihai Vecerzan. <\/span><span style=\"font-weight: 400;\">Business Internship.<\/span> <b>2013.<\/b><\/li><li><b>Higher Technical Vocational Training Cycle in Enviromental Chemistry of the I.E.S. \u201cJos\u00e9 Luis Sampedro\u201d (Guadalajara). <\/b><span style=\"font-weight: 400;\">\u00c1ngel Ulises Aza\u00f1edo Gonz\u00e1lez.<\/span> <span style=\"font-weight: 400;\">Business Internship.<\/span> <b>2013.<\/b><\/li><li><b>Degree in Chemistry at the University of Alcal\u00e1 (Madrid).<\/b> <span style=\"font-weight: 400;\">Estefania Gonz\u00e1lez Garc\u00eda. Business Internship. <\/span><b>2012<\/b><span style=\"font-weight: 400;\">.<\/span><\/li><\/ul>\n\t\t\t\t\t<\/div>\n\t\t\t\t<\/div>\n\t\t\t\t<\/div>\n\t\t\t\t\t<\/div>\n\t\t\t\t<\/div>\n\t\t\t\t<\/div>\n\t\t","protected":false},"excerpt":{"rendered":"<p>Istituto Superiore di Istruzione Industriale G.Marconi from Piacenza, diplomattura in \u201cChimica e materiali\u201d.\u00a0 Fjona Krasniqi. Erasmus internship. 2023. Istituto Superiore<\/p>\n","protected":false},"author":1,"featured_media":0,"parent":0,"menu_order":0,"comment_status":"closed","ping_status":"closed","template":"","meta":{"footnotes":""},"class_list":["post-18425","page","type-page","status-publish","hentry"],"_links":{"self":[{"href":"https:\/\/cqab.eu\/en\/wp-json\/wp\/v2\/pages\/18425","targetHints":{"allow":["GET"]}}],"collection":[{"href":"https:\/\/cqab.eu\/en\/wp-json\/wp\/v2\/pages"}],"about":[{"href":"https:\/\/cqab.eu\/en\/wp-json\/wp\/v2\/types\/page"}],"author":[{"embeddable":true,"href":"https:\/\/cqab.eu\/en\/wp-json\/wp\/v2\/users\/1"}],"replies":[{"embeddable":true,"href":"https:\/\/cqab.eu\/en\/wp-json\/wp\/v2\/comments?post=18425"}],"version-history":[{"count":7,"href":"https:\/\/cqab.eu\/en\/wp-json\/wp\/v2\/pages\/18425\/revisions"}],"predecessor-version":[{"id":19070,"href":"https:\/\/cqab.eu\/en\/wp-json\/wp\/v2\/pages\/18425\/revisions\/19070"}],"wp:attachment":[{"href":"https:\/\/cqab.eu\/en\/wp-json\/wp\/v2\/media?parent=18425"}],"curies":[{"name":"wp","href":"https:\/\/api.w.org\/{rel}","templated":true}]}}