{"id":18420,"date":"2024-02-13T22:20:31","date_gmt":"2024-02-13T22:20:31","guid":{"rendered":"https:\/\/cqab.eu\/tdp-fmp\/"},"modified":"2025-02-25T22:50:56","modified_gmt":"2025-02-25T22:50:56","slug":"tdp-fmp","status":"publish","type":"page","link":"https:\/\/cqab.eu\/en\/tdp-fmp\/","title":{"rendered":"TDP &amp; FMP"},"content":{"rendered":"\t\t<div data-elementor-type=\"wp-page\" data-elementor-id=\"18420\" class=\"elementor elementor-18420\">\n\t\t\t\t<div class=\"wd-negative-gap elementor-element elementor-element-e807864 e-flex e-con-boxed e-con e-parent\" data-id=\"e807864\" data-element_type=\"container\">\n\t\t\t\t\t<div class=\"e-con-inner\">\n\t\t\t\t<div class=\"elementor-element elementor-element-410bbdb elementor-widget elementor-widget-wd_text_block\" data-id=\"410bbdb\" data-element_type=\"widget\" data-widget_type=\"wd_text_block.default\">\n\t\t\t\t<div class=\"elementor-widget-container\">\n\t\t\t\t\t<div class=\"wd-text-block reset-last-child text-left\">\n\t\t\t\n\t\t\t<h2 style=\"text-align: center;\">Final Degree Project and Final Master Project<\/h2>\n\t\t\t\t\t<\/div>\n\t\t\t\t<\/div>\n\t\t\t\t<\/div>\n\t\t\t\t\t<\/div>\n\t\t\t\t<\/div>\n\t\t<div class=\"wd-negative-gap elementor-element elementor-element-e169258 e-flex e-con-boxed e-con e-parent\" data-id=\"e169258\" data-element_type=\"container\">\n\t\t\t\t\t<div class=\"e-con-inner\">\n\t\t\t\t<div class=\"elementor-element elementor-element-26532af elementor-widget elementor-widget-wd_text_block\" data-id=\"26532af\" data-element_type=\"widget\" data-widget_type=\"wd_text_block.default\">\n\t\t\t\t<div class=\"elementor-widget-container\">\n\t\t\t\t\t<div class=\"wd-text-block reset-last-child text-left\">\n\t\t\t\n\t\t\t<ul><li><b>Development and validation of a chromatographic analysis methodology to solve a problem in the chemical-pharmaceutical sector. <\/b><span style=\"font-weight: 400;\">Javier L\u00f3pez Fari\u00f1as.\u00a0 Final Degree Project in Chemistry at the University of Alcal\u00e1 (Madrid).\u00a0 <\/span><b>2024.<\/b><\/li><li><b>Determination of nitrosamines in pharmaceutical products.<\/b> <span style=\"font-weight: 400;\">Roc\u00edo Lujan.\u00a0 Final Degree Project in Chemistry at the University of Alcal\u00e1 (Madrid).<\/span><b>2024.<\/b><\/li><li><b>Development and validation of an LC-MS method for the detection of two nitrosamine impurities in a raw material and drug. <\/b><span style=\"font-weight: 400;\">Yeray Vasconez Sarango.\u00a0 Final Degree Project in Chemistry at the University of Alcal\u00e1 (Madrid).\u00a0 <\/span><b>2024.<\/b><\/li><li><b>Synthesis, isolation and purification of biologically active compounds as antidotes to nerve agent poisoning. <\/b><span style=\"font-weight: 400;\">Alejandro Santos Costa.\u00a0 Final Degree Project in Chemistry at the University of Alcal\u00e1 (Madrid).\u00a0 <\/span><b>2024.<\/b><\/li><li><b>Revaloration of aqueous fractions from pyrolysis processes. <\/b><span style=\"font-weight: 400;\">Enrique Fernando Cabrera Ojeda. <\/span><span style=\"font-weight: 400;\">Master in Chemistry for Sustainability and Energy. Center for Applied Chemistry and Biotechnology (CQAB), University of Alcal\u00e1 (Madrid). <\/span><b>2024.<\/b><\/li><li><b>Oxime-Melatonin\/Tryptamine hybrids as reversible AchE inhibitors as antidotes for chemical poisoning. <\/b><b>Crist\u00f3bal Devesa Garc\u00eda. <\/b><b>Interuniversity Master in Drug Discovery. Center for Applied Chemistry and Biotechnology (CQAB), University of Alcal\u00e1 (Madrid)<\/b><b>.<\/b> <b>2024.<\/b><\/li><li><b>Detection of a nitrosamine impurity in two raw materials using the \u201cLimit Test\u201d. <\/b><span style=\"font-weight: 400;\">Final Degree Project in Chemistry at the University of Alcal\u00e1 (Madrid).<\/span><b>2023.<\/b><\/li><li><b>Determination of cannabinoids by LC-MS\/MS for drug dependence studies.<\/b><span style=\"font-weight: 400;\"> Irene Segoviano L\u00f3pez.\u00a0 Final Degree Project in Chemistry at the University of Alcal\u00e1 (Madrid).<\/span><b>2023.<\/b><\/li><li><b>Melatonin hybrids as antidotes for chemical poisoning.<\/b> <span style=\"font-weight: 400;\">Marta Alonso G\u00f3mez. <\/span><span style=\"font-weight: 400;\">Interuniversity Master in Drug Discovery. Center for Applied Chemistry and Biotechnology (CQAB), University of Alcal\u00e1 (Madrid)<\/span><span style=\"font-weight: 400;\">.\u00a0 <\/span><b>2022.<\/b><\/li><li><b>Biodegradable microparticles loaded with acomprosate and taurine derivatives for intravitreal treatment of age-related macular degeneration.<\/b> <span style=\"font-weight: 400;\">Sulma Luc\u00eda Farfan Hancco. <\/span><span style=\"font-weight: 400;\">Interuniversity Master in Drug Discovery. Center for Applied Chemistry and Biotechnology (CQAB), University of Alcal\u00e1 (Madrid). <\/span><b>2022.<\/b><\/li><li><b>Improvements and stabilization of the coals obtained during the pyrolysis process of polymeric residues.<\/b> <span style=\"font-weight: 400;\">Cristina Porras Garc\u00eda. <\/span><span style=\"font-weight: 400;\">Master in Chemistry for Sustainability and Energy. Center for Applied Chemistry and Biotechnology (CQAB), University of Alcal\u00e1 (Madrid). <\/span><b>2022.<\/b><\/li><li><b>Synthesis of new actives and development of microparticles drug delivery systems for intravitreal administration.<\/b> <span style=\"font-weight: 400;\">Lorena Pajares Ortiz. <\/span><span style=\"font-weight: 400;\">Interuniversity Master in Drug Discovery. Center for Applied Chemistry and Biotechnology (CQAB), University of Alcal\u00e1 (Madrid).<\/span> <b>2022.<\/b><\/li><li><b>Synthesis, isolation and characterization of nitrosamines present in drugs for human use.<\/b> <span style=\"font-weight: 400;\">Mar\u00eda Garc\u00eda \u00c1lvarez. <\/span><span style=\"font-weight: 400;\">Interuniversity Master in Drug Discovery. Center for Applied Chemistry and Biotechnology (CQAB), University of Alcal\u00e1 (Madrid). <\/span><b>2022.<\/b><span style=\"font-weight: 400;\">\u00a0<\/span><\/li><li><b>Synthesis, isolation and characterization of nitrosamines present in drugs for human use.<\/b> <span style=\"font-weight: 400;\">Roberto Pestano Perera. <\/span><span style=\"font-weight: 400;\">Interuniversity Master in Drug Discovery. Center for Applied Chemistry and Biotechnology (CQAB), University of Alcal\u00e1 (Madrid).<\/span><b> 2021.<\/b><\/li><li><b>Development and validation of a method for the determination of formaldehyde in pharmaceutical excipient by GC-MS.<\/b> <span style=\"font-weight: 400;\">Nuria Calado Gabino. Interuniversity Master in Drug Discovery. Center for Applied Chemistry and Biotechnology (CQAB), University of Alcal\u00e1 (Madrid).\u00a0 <\/span><span style=\"font-weight: 400;\">2021.<\/span><\/li><li><b>Optimization of synthetic routes toward Gadoxetate Disodium: A contrast agent employed in Nuclear Magnetic Resonance Imaging (MRI).<\/b> <span style=\"font-weight: 400;\">Esmael Ahbiti Laarab. <\/span><span style=\"font-weight: 400;\">Interuniversity Master in Drug Discovery. Center for Applied Chemistry and Biotechnology (CQAB), University of Alcal\u00e1 (Madrid).<\/span> <b>2020.<\/b><\/li><li><b>Development of New Synthetic Routes to Produce Contrast Agents used in Nuclear Magnetic Resonance (MRI).<\/b> <span style=\"font-weight: 400;\">M. Bel\u00e9n Sena. <\/span><span style=\"font-weight: 400;\">Interuniversity Master in Drug Discovery. Center for Applied Chemistry and Biotechnology (CQAB), University of Alcal\u00e1 (Madrid).<\/span> <b>2019.<\/b><\/li><li><b>Alternatives Routes for non-ionic contrast agents.<\/b> <span style=\"font-weight: 400;\">M. Isabel D\u00edaz Vi\u00f1as. Interuniversity Master in Drug Discovery. Center for Applied Chemistry and Biotechnology (CQAB), University of Alcal\u00e1 (Madrid).<\/span> <b>2018.<\/b><\/li><li><b>Hydrological and hydrochemical characterization of the wells of the Alcal\u00e1 de Henares University Campus.<\/b> <span style=\"font-weight: 400;\">Mar\u00eda Asunci\u00f3n Maj\u00faa Montalvo.\u00a0 Final Degree Project in Chemistry at the University of Alcal\u00e1 (Madrid).\u00a0 <\/span><b>2016.<\/b><\/li><li><b>Identification and characterization of unknown compounds using chromatographic and spectrometric techniques. <\/b><span style=\"font-weight: 400;\">Eva Moles Rocheta. <\/span><span style=\"font-weight: 400;\">Interuniversity Master in Drug Discovery. Center for Applied Chemistry and Biotechnology (CQAB), University of Alcal\u00e1 (Madrid)<\/span><span style=\"font-weight: 400;\">.\u00a0 <\/span><b>2011.<\/b><\/li><li><b>Identification and characterization of unknown compounds using chromatographic and spectrometric techniques. <\/b><span style=\"font-weight: 400;\">Ignacio P\u00e9rez Pomeda.\u00a0 Final Degree Project in Chemistry at the University of Alcal\u00e1 (Madrid).<\/span><b> 2009.<\/b><\/li><\/ul>\n\t\t\t\t\t<\/div>\n\t\t\t\t<\/div>\n\t\t\t\t<\/div>\n\t\t\t\t\t<\/div>\n\t\t\t\t<\/div>\n\t\t\t\t<\/div>\n\t\t","protected":false},"excerpt":{"rendered":"<p>Final Degree Project and Final Master Project Development and validation of a chromatographic analysis methodology to solve a problem in<\/p>\n","protected":false},"author":1,"featured_media":0,"parent":0,"menu_order":0,"comment_status":"closed","ping_status":"closed","template":"","meta":{"footnotes":""},"class_list":["post-18420","page","type-page","status-publish","hentry"],"_links":{"self":[{"href":"https:\/\/cqab.eu\/en\/wp-json\/wp\/v2\/pages\/18420","targetHints":{"allow":["GET"]}}],"collection":[{"href":"https:\/\/cqab.eu\/en\/wp-json\/wp\/v2\/pages"}],"about":[{"href":"https:\/\/cqab.eu\/en\/wp-json\/wp\/v2\/types\/page"}],"author":[{"embeddable":true,"href":"https:\/\/cqab.eu\/en\/wp-json\/wp\/v2\/users\/1"}],"replies":[{"embeddable":true,"href":"https:\/\/cqab.eu\/en\/wp-json\/wp\/v2\/comments?post=18420"}],"version-history":[{"count":10,"href":"https:\/\/cqab.eu\/en\/wp-json\/wp\/v2\/pages\/18420\/revisions"}],"predecessor-version":[{"id":19079,"href":"https:\/\/cqab.eu\/en\/wp-json\/wp\/v2\/pages\/18420\/revisions\/19079"}],"wp:attachment":[{"href":"https:\/\/cqab.eu\/en\/wp-json\/wp\/v2\/media?parent=18420"}],"curies":[{"name":"wp","href":"https:\/\/api.w.org\/{rel}","templated":true}]}}