{"id":18334,"date":"2024-01-31T23:31:37","date_gmt":"2024-01-31T23:31:37","guid":{"rendered":"https:\/\/cqab.eu\/the-cqab-staff\/"},"modified":"2025-03-05T17:50:40","modified_gmt":"2025-03-05T17:50:40","slug":"the-cqab-staff","status":"publish","type":"page","link":"https:\/\/cqab.eu\/en\/the-cqab-staff\/","title":{"rendered":"The CQAB Staff"},"content":{"rendered":"\t\t<div data-elementor-type=\"wp-page\" data-elementor-id=\"18334\" class=\"elementor elementor-18334\">\n\t\t\t\t\t\t<section class=\"wd-negative-gap elementor-section elementor-top-section elementor-element elementor-element-769b4c63 elementor-section-content-middle elementor-section-boxed elementor-section-height-default elementor-section-height-default\" data-id=\"769b4c63\" data-element_type=\"section\">\n\t\t\t\t\t\t<div class=\"elementor-container elementor-column-gap-wide\">\n\t\t\t\t\t<div class=\"elementor-column elementor-col-50 elementor-top-column elementor-element elementor-element-d9df61e\" data-id=\"d9df61e\" data-element_type=\"column\">\n\t\t\t<div class=\"elementor-widget-wrap elementor-element-populated\">\n\t\t\t\t\t\t<div class=\"elementor-element elementor-element-e45af4c elementor-absolute wd-width-100 elementor-widget elementor-widget-wd_images_gallery\" data-id=\"e45af4c\" data-element_type=\"widget\" data-settings=\"{&quot;_position&quot;:&quot;absolute&quot;}\" data-widget_type=\"wd_images_gallery.default\">\n\t\t\t\t<div class=\"elementor-widget-container\">\n\t\t\t\t\t<div class=\"wd-images-gallery photoswipe-images wd-carousel-container\" style=\"--wd-align-items:flex-start; --wd-justify-content:left;\">\n\t\t\t\t\t\t\t<div class=\"wd-carousel-inner\">\n\t\t\t\t\t\t<div class=\"wd-carousel wd-grid\" data-speed=\"5000\" data-wrap=\"yes\" data-autoplay=\"yes\" data-autoheight=\"yes\" data-scroll_per_page=\"yes\" style=\"--wd-col-lg:1;--wd-col-md:1;--wd-col-sm:1;--wd-gap-lg:0px;\">\n\t\t\t\t\t\t\t\t\t<div class=\"wd-carousel-wrap\">\n\t\t\t\t\t\t\t\t\t\t\t\t\t\t\t\t\t\t<div class=\"wd-gallery-item wd-carousel-item\">\n\t\t\t\t\t\t\t\t\t\t\t\t\t<a  href=\"https:\/\/cqab.eu\/wp-content\/uploads\/2025\/02\/Personal-24-CQAB-1.jpg\"data-width=\"1920\" data-height=\"1535\" data-index=\"1\" data-elementor-open-lightbox=\"no\">\n\t\t\t\t\t\t\n\t\t\t\t\t\t<img decoding=\"async\" src=\"https:\/\/cqab.eu\/wp-content\/uploads\/2025\/02\/Personal-24-CQAB-1-1001x800.jpg\"alt=\"Personal 24 CQAB\">\n\t\t\t\t\t\t\t\t\t\t\t\t\t<\/a>\n\t\t\t\t\t\t\t\t\t\t\t<\/div>\n\t\t\t\t\t\t\t\t\t\t\t\t\t\t\t<div class=\"wd-gallery-item wd-carousel-item\">\n\t\t\t\t\t\t\t\t\t\t\t\t\t<a  href=\"https:\/\/cqab.eu\/wp-content\/uploads\/2024\/04\/CQAB-2023.jpg\"data-width=\"1920\" data-height=\"1502\" data-index=\"2\" data-elementor-open-lightbox=\"no\">\n\t\t\t\t\t\t\n\t\t\t\t\t\t<img decoding=\"async\" src=\"https:\/\/cqab.eu\/wp-content\/uploads\/2024\/04\/CQAB-2023-1023x800.jpg\"alt=\"CQAB 2023\">\n\t\t\t\t\t\t\t\t\t\t\t\t\t<\/a>\n\t\t\t\t\t\t\t\t\t\t\t<\/div>\n\t\t\t\t\t\t\t\t\t\t\t\t\t\t\t<div class=\"wd-gallery-item wd-carousel-item\">\n\t\t\t\t\t\t\t\t\t\t\t\t\t<a  href=\"https:\/\/cqab.eu\/wp-content\/uploads\/2024\/04\/CQAB-2022.jpg\"data-width=\"1920\" data-height=\"1502\" data-index=\"3\" data-elementor-open-lightbox=\"no\">\n\t\t\t\t\t\t\n\t\t\t\t\t\t<img decoding=\"async\" src=\"https:\/\/cqab.eu\/wp-content\/uploads\/2024\/04\/CQAB-2022-1023x800.jpg\"alt=\"CQAB 2022\">\n\t\t\t\t\t\t\t\t\t\t\t\t\t<\/a>\n\t\t\t\t\t\t\t\t\t\t\t<\/div>\n\t\t\t\t\t\t\t\t\t\t\t\t\t\t\t<div class=\"wd-gallery-item wd-carousel-item\">\n\t\t\t\t\t\t\t\t\t\t\t\t\t<a  href=\"https:\/\/cqab.eu\/wp-content\/uploads\/2024\/04\/CQAB-2015.jpg\"data-width=\"1920\" data-height=\"1537\" data-index=\"4\" data-elementor-open-lightbox=\"no\">\n\t\t\t\t\t\t\n\t\t\t\t\t\t<img decoding=\"async\" src=\"https:\/\/cqab.eu\/wp-content\/uploads\/2024\/04\/CQAB-2015-999x800.jpg\"alt=\"CQAB 2015\">\n\t\t\t\t\t\t\t\t\t\t\t\t\t<\/a>\n\t\t\t\t\t\t\t\t\t\t\t<\/div>\n\t\t\t\t\t\t\t\t\t\t\t\t\t\t\t<div class=\"wd-gallery-item wd-carousel-item\">\n\t\t\t\t\t\t\t\t\t\t\t\t\t<a  href=\"https:\/\/cqab.eu\/wp-content\/uploads\/2024\/04\/CQAB-2013.jpg\"data-width=\"1500\" data-height=\"1241\" data-index=\"5\" data-elementor-open-lightbox=\"no\">\n\t\t\t\t\t\t\n\t\t\t\t\t\t<img decoding=\"async\" src=\"https:\/\/cqab.eu\/wp-content\/uploads\/2024\/04\/CQAB-2013-967x800.jpg\"alt=\"CQAB 2013\">\n\t\t\t\t\t\t\t\t\t\t\t\t\t<\/a>\n\t\t\t\t\t\t\t\t\t\t\t<\/div>\n\t\t\t\t\t\t\t\t\t\t\t\t\t\t\t<div class=\"wd-gallery-item wd-carousel-item\">\n\t\t\t\t\t\t\t\t\t\t\t\t\t<a  href=\"https:\/\/cqab.eu\/wp-content\/uploads\/2024\/04\/PPQF-2011.jpg\"data-width=\"1802\" data-height=\"1426\" data-index=\"6\" data-elementor-open-lightbox=\"no\">\n\t\t\t\t\t\t\n\t\t\t\t\t\t<img decoding=\"async\" src=\"https:\/\/cqab.eu\/wp-content\/uploads\/2024\/04\/PPQF-2011-1011x800.jpg\"alt=\"PPQF 2011\">\n\t\t\t\t\t\t\t\t\t\t\t\t\t<\/a>\n\t\t\t\t\t\t\t\t\t\t\t<\/div>\n\t\t\t\t\t\t\t\t\t\t\t\t\t\t\t<div class=\"wd-gallery-item wd-carousel-item\">\n\t\t\t\t\t\t\t\t\t\t\t\t\t<a  href=\"https:\/\/cqab.eu\/wp-content\/uploads\/2024\/04\/PPQF-2010.jpg\"data-width=\"1794\" data-height=\"1426\" data-index=\"7\" data-elementor-open-lightbox=\"no\">\n\t\t\t\t\t\t\n\t\t\t\t\t\t<img decoding=\"async\" src=\"https:\/\/cqab.eu\/wp-content\/uploads\/2024\/04\/PPQF-2010-1006x800.jpg\"alt=\"PPQF 2010\">\n\t\t\t\t\t\t\t\t\t\t\t\t\t<\/a>\n\t\t\t\t\t\t\t\t\t\t\t<\/div>\n\t\t\t\t\t\t\t\t\t\t\t\t\t\t\t\t<\/div>\n\t\t\t\t\t\t\t\t<\/div>\n\t\t\t\t\t\t\t\n\t\t\t\t<\/div>\n\n\t\t\t\t\t\t<div class=\"wd-nav-pagin-wrap text-center wd-style-shape wd-hide-md-sm wd-hide-sm\">\n\t\t\t<ul class=\"wd-nav-pagin\"><\/ul>\n\t\t<\/div>\n\t\t\t\t\t\t\t\t\t\t\t<\/div>\n\t\t\t\t<\/div>\n\t\t\t\t<\/div>\n\t\t\t\t\t<\/div>\n\t\t<\/div>\n\t\t\t\t<div class=\"elementor-column elementor-col-50 elementor-top-column elementor-element elementor-element-662a1d82\" data-id=\"662a1d82\" data-element_type=\"column\">\n\t\t\t<div class=\"elementor-widget-wrap elementor-element-populated\">\n\t\t\t\t\t\t<div class=\"elementor-element elementor-element-5dc07b0 wd-width-100 elementor-widget elementor-widget-wd_title\" data-id=\"5dc07b0\" data-element_type=\"widget\" data-widget_type=\"wd_title.default\">\n\t\t\t\t<div class=\"elementor-widget-container\">\n\t\t\t\t\t<div class=\"title-wrapper set-mb-s reset-last-child wd-title-color-default wd-title-style-default wd-title-size-default text-left\">\n\n\t\t\t\n\t\t\t<div class=\"liner-continer\">\n\t\t\t\t<h4 class=\"woodmart-title-container title wd-fontsize-l\">Team CQAB staff<br \/>\n<\/h4> \n\t\t\t\t\t\t\t<\/div>\n\n\t\t\t\t\t\t\t<div class=\"title-after_title set-cont-mb-s reset-last-child wd-fontsize-xs\">\n\t\t\t\t\t<p><strong>Scientific Director<\/strong>: Prof. Dr. Manuel \u00c1ngel Fern\u00e1ndez Rodr\u00edguez<\/p><p><strong>Technical Director:<\/strong> Dr. Jos\u00e9 Luis Novella Robisco<\/p><p><strong>Head of Quality Assurance<\/strong>: Mr. Miguel \u00c1ngel de la Cal Hidalgo<\/p><p><strong>Administrative:<\/strong> Miss. Sara Fern\u00e1ndez Mart\u00edn<\/p><p><strong>Maintenance<\/strong>: Mr. Ignacio Gallego Delgado<\/p>\t\t\t\t<\/div>\n\t\t\t\t\t<\/div>\n\t\t\t\t<\/div>\n\t\t\t\t<\/div>\n\t\t\t\t<section class=\"wd-negative-gap elementor-section elementor-inner-section elementor-element elementor-element-6a1d1834 elementor-section-boxed elementor-section-height-default elementor-section-height-default\" data-id=\"6a1d1834\" data-element_type=\"section\">\n\t\t\t\t\t\t<div class=\"elementor-container elementor-column-gap-default\">\n\t\t\t\t\t<div class=\"elementor-column elementor-col-100 elementor-inner-column elementor-element elementor-element-57e293cb\" data-id=\"57e293cb\" data-element_type=\"column\">\n\t\t\t<div class=\"elementor-widget-wrap elementor-element-populated\">\n\t\t\t\t\t\t<div class=\"elementor-element elementor-element-4895baa color-scheme-inherit text-left elementor-widget elementor-widget-text-editor\" data-id=\"4895baa\" data-element_type=\"widget\" data-widget_type=\"text-editor.default\">\n\t\t\t\t<div class=\"elementor-widget-container\">\n\t\t\t<style>\/*! elementor - v3.21.0 - 20-05-2024 *\/\n.elementor-widget-text-editor.elementor-drop-cap-view-stacked .elementor-drop-cap{background-color:#69727d;color:#fff}.elementor-widget-text-editor.elementor-drop-cap-view-framed .elementor-drop-cap{color:#69727d;border:3px solid;background-color:transparent}.elementor-widget-text-editor:not(.elementor-drop-cap-view-default) .elementor-drop-cap{margin-top:8px}.elementor-widget-text-editor:not(.elementor-drop-cap-view-default) .elementor-drop-cap-letter{width:1em;height:1em}.elementor-widget-text-editor .elementor-drop-cap{float:left;text-align:center;line-height:1;font-size:50px}.elementor-widget-text-editor .elementor-drop-cap-letter{display:inline-block}<\/style>\t\t\t\t<p><strong>Bioanalysis and Quality Control Area:<\/strong><\/p>\t\t\t\t\t\t<\/div>\n\t\t\t\t<\/div>\n\t\t\t\t<div class=\"elementor-element elementor-element-77fe5027 color-scheme-inherit text-left elementor-widget elementor-widget-text-editor\" data-id=\"77fe5027\" data-element_type=\"widget\" data-widget_type=\"text-editor.default\">\n\t\t\t\t<div class=\"elementor-widget-container\">\n\t\t\t\t\t\t\t<ul><li><strong>Consultant<\/strong>: Prof. Dr. Antonio Luis Crego Navazo<\/li><li><strong>Head of Area<\/strong>: Dra. Leonor Nozal Mart\u00ednez<\/li><li style=\"margin-bottom: var(--li-mb);\"><b>Supervisor of Analytical Development:<\/b>\u00a0Dra. Flor Castro Rubio<\/li><li><strong>Researchers<\/strong>:<ul><li>Dr. Ana M\u00aa Ares Fuentes<\/li><li><p class=\"p1\">D\u00aa Irene Alonso N\u00fa\u00f1ez<\/p><\/li><li><p class=\"p1\">D\u00aa Dana Ivana Privitera<\/p><\/li><\/ul><\/li><\/ul>\t\t\t\t\t\t<\/div>\n\t\t\t\t<\/div>\n\t\t\t\t\t<\/div>\n\t\t<\/div>\n\t\t\t\t\t<\/div>\n\t\t<\/section>\n\t\t\t\t<section class=\"wd-negative-gap elementor-section elementor-inner-section elementor-element elementor-element-b1e89f0 elementor-section-boxed elementor-section-height-default elementor-section-height-default\" data-id=\"b1e89f0\" data-element_type=\"section\">\n\t\t\t\t\t\t<div class=\"elementor-container elementor-column-gap-default\">\n\t\t\t\t\t<div class=\"elementor-column elementor-col-100 elementor-inner-column elementor-element elementor-element-615b79e\" data-id=\"615b79e\" data-element_type=\"column\">\n\t\t\t<div class=\"elementor-widget-wrap elementor-element-populated\">\n\t\t\t\t\t\t<div class=\"elementor-element elementor-element-fda9d45 color-scheme-inherit text-left elementor-widget elementor-widget-text-editor\" data-id=\"fda9d45\" data-element_type=\"widget\" data-widget_type=\"text-editor.default\">\n\t\t\t\t<div class=\"elementor-widget-container\">\n\t\t\t\t\t\t\t<p>Fine Chemical Pilot Plant and Biotechnology Area:<\/p>\t\t\t\t\t\t<\/div>\n\t\t\t\t<\/div>\n\t\t\t\t<div class=\"elementor-element elementor-element-651075f color-scheme-inherit text-left elementor-widget elementor-widget-text-editor\" data-id=\"651075f\" data-element_type=\"widget\" data-widget_type=\"text-editor.default\">\n\t\t\t\t<div class=\"elementor-widget-container\">\n\t\t\t\t\t\t\t<p style=\"padding-left: 40px;\"><strong>Consultants<\/strong>:<\/p><ul><li style=\"list-style-type: none;\"><ul><li>Dr.Julio Alvarez-Builla G\u00f3mez (Organic Ch.)<\/li><li>Dr. Juan Jos\u00e9 Vaquero L\u00f3pez (Organic Ch.)<\/li><li>Dr. Juan Carlos Flores Serrano (Inorganic Ch.)<\/li><li>Dra. M\u00aa Piedad Ruiz Torres (Biochemical)<\/li><li>Dr. Jos\u00e9 Luis Ace\u00f1a Bonilla (Organic Ch.)<\/li><li>Dra. Ana Karina Boltes Esp\u00ednola (Biotechnology)<\/li><li>Dr. Guillermo Torrado Duran (Pharmaceutical Technology)<\/li><\/ul><\/li><li><strong>Head of Area<\/strong>:<\/li><li class=\"li1\">Dr. Jos\u00e9 Ignacio Mart\u00edn Hernando<\/li><li><strong>Supervisor of Biotechnology<\/strong>: Dr. Ra\u00fal Alonso del Aguila<\/li><\/ul><p>Researchers:<\/p><ul><li style=\"list-style-type: none;\"><ul><li>Dr. Francisco Maqueda Zelaya<\/li><li>Dra. Tania Medina Gil<\/li><\/ul><\/li><\/ul>\t\t\t\t\t\t<\/div>\n\t\t\t\t<\/div>\n\t\t\t\t\t<\/div>\n\t\t<\/div>\n\t\t\t\t\t<\/div>\n\t\t<\/section>\n\t\t\t\t\t<\/div>\n\t\t<\/div>\n\t\t\t\t\t<\/div>\n\t\t<\/section>\n\t\t\t\t<\/div>\n\t\t","protected":false},"excerpt":{"rendered":"<p>Team CQAB staff Scientific Director: Prof. Dr. Manuel \u00c1ngel Fern\u00e1ndez Rodr\u00edguez Technical Director: Dr. Jos\u00e9 Luis Novella Robisco Head of<\/p>\n","protected":false},"author":1,"featured_media":0,"parent":0,"menu_order":0,"comment_status":"closed","ping_status":"closed","template":"","meta":{"footnotes":""},"class_list":["post-18334","page","type-page","status-publish","hentry"],"_links":{"self":[{"href":"https:\/\/cqab.eu\/en\/wp-json\/wp\/v2\/pages\/18334","targetHints":{"allow":["GET"]}}],"collection":[{"href":"https:\/\/cqab.eu\/en\/wp-json\/wp\/v2\/pages"}],"about":[{"href":"https:\/\/cqab.eu\/en\/wp-json\/wp\/v2\/types\/page"}],"author":[{"embeddable":true,"href":"https:\/\/cqab.eu\/en\/wp-json\/wp\/v2\/users\/1"}],"replies":[{"embeddable":true,"href":"https:\/\/cqab.eu\/en\/wp-json\/wp\/v2\/comments?post=18334"}],"version-history":[{"count":22,"href":"https:\/\/cqab.eu\/en\/wp-json\/wp\/v2\/pages\/18334\/revisions"}],"predecessor-version":[{"id":19221,"href":"https:\/\/cqab.eu\/en\/wp-json\/wp\/v2\/pages\/18334\/revisions\/19221"}],"wp:attachment":[{"href":"https:\/\/cqab.eu\/en\/wp-json\/wp\/v2\/media?parent=18334"}],"curies":[{"name":"wp","href":"https:\/\/api.w.org\/{rel}","templated":true}]}}